{"id":16526,"date":"2023-07-26T12:12:10","date_gmt":"2023-07-26T11:12:10","guid":{"rendered":"https:\/\/rap.montanhasmagicas.pt\/?page_id=16526"},"modified":"2023-07-29T23:38:14","modified_gmt":"2023-07-29T22:38:14","slug":"ruta-del-agua-y-de-la-piedra","status":"publish","type":"page","link":"https:\/\/rap.montanhasmagicas.pt\/es\/","title":{"rendered":"Ruta del Agua y de la Piedra"},"content":{"rendered":"<p>[vc_row full_width=\u00bbstretch_row_content_no_spaces\u00bb vc_row_background=\u00bb\u00bb css=\u00bb.vc_custom_1656547825291{margin-top: -60px !important;margin-right: 0px !important;margin-left: 0px !important;padding-right: 0px !important;padding-left: 0px !important;}\u00bb el_class=\u00bbseparator-bottom\u00bb][vc_column css=\u00bb.vc_custom_1626799425896{margin-right: 0px !important;margin-left: 0px !important;padding-right: 0px !important;padding-left: 0px !important;}\u00bb]\t\t<style>\n\t\t\t\t\t\t\t.mm-slideshow{\n\t\t\t\t\tmin-height: 500px;\n\t\t\t\t}\n\t\t\t\n\t\t\t\t\t\t@media all and (max-width: 991px){\n\t\t\t\t.mm-slideshow{\n\t\t\t\t\tmin-height: 400px;\n\t\t\t\t}\n\t\t\t}\n\t\t\t\n\t\t\t\t\t\t@media all and (max-width: 767px){\n\t\t\t\t.mm-slideshow{\n\t\t\t\t\tmin-height: 350px;\n\t\t\t\t}\n\t\t\t}\n\t\t\t\n\t\t\t\t\t\t@media all and (max-width: 500px){\n\t\t\t\t.mm-slideshow{\n\t\t\t\t\tmin-height: 300px;\n\t\t\t\t}\n\t\t\t}\n\t\t\t\t\t<\/style>\n\t\t<div class=\"mm-slideshow negative-separator-top-mm-slider align-bottom-left\"> \t\n\t\t\t<div class=\"mm-slideshow-body\" id=\"slider-69e2060144f6c\"> \n\n\t\t\t\t\t\t\t\t<div class=\"carousel-item\">\n\t\t\t\t\t<style>\n\t\t\t\t\t\t\t\t\t\t\t<\/style>\n\t\t\t\t\t<div class=\"container\" id=\"item-69e2060145590\" style=\"opacity: 0;\">\n\t\t\t\t\t\t<div class=\"info-slide\">\n\t\t\t\t\t\t\t\t\t\t\t\t\t\t\t<div class=\"tags\">\n\t\t\t\t\t\t\t\t\t<span style=\" color: #ffffff; \">Explore<\/span>\n\t\t\t\t\t\t\t\t<\/div>\n\t\t\t\t\t\t\t\t\t\t\t\t\t\t\t\t\t\t\t\t\t\t<div class=\"title\">\n\t\t\t\t\t\t\t\t\t<span style=\"\">RAP - Ruta del Agua y la Piedra<\/span>\n\t\t\t\t\t\t\t\t<\/div>\n\t\t\t\t\t\t\t\t\t\t\t\t\t\t\t\t\t\t\t\t\t\t<div class=\"desc\">\n\t\t\t\t\t\t\t\t\t<span style=\" color: #ffffff; \">9 rutas y 200 lugares de inter\u00e9s<\/span>\n\t\t\t\t\t\t\t\t<\/div>\n\t\t\t\t\t\t\t\t\t\t\t\t\t\t\t\t\t\t\t\t\t\t<div class=\"link\"><a style=\"\" target=\"_blank\" href=\"https:\/\/rap.montanhasmagicas.pt\/es\/ruta-del-agua-y-de-la-piedra\/ruta\/\">M\u00e1s informaci\u00f3n<i class=\"fa fa-chevron-right\"><\/i><\/a><\/div>\n\t\t\t\t\t\t\t\t\t\t\t\t\t<\/div>\n\t\t\t\t\t<\/div>\t\n\t\t\t\t\t<style>\n\t\t\t\t\t\t.lazy-img{\n\t\t\t\t\t\t\tbackground-color:#c2c2c2;\n\t\t\t\t\t\t\tbackground-repeat:no-repeat;\n\t\t\t\t\t\t\tbackground-position:center;\n\t\t\t\t\t\t\tbackground-image: url(\"https:\/\/rap.montanhasmagicas.pt\/wp-content\/themes\/montanhasmagicas-child\/assets\/images\/loader-mm.gif\");\n\t\t\t\t\t\t}\n\t\t\t\t\t\t#slider-69e2060144f6c .container{\n\t\t\t\t\t\t\t-webkit-transition: opacity 0.4s;\n\t\t\t\t\t\t\t-mz-transition: opacity 0.4s;\n\t\t\t\t\t\t\t-o-transition: opacity 0.4s;\n\t\t\t\t\t\t\ttransition: opacity 0.4s;\n\t\t\t\t\t\t}\n\t\t\t\t\t<\/style>\n\t\t\t\t\t<img class=\"slider-img lazy-img\" data-lazy=\"https:\/\/rap.montanhasmagicas.pt\/wp-content\/uploads\/2022\/06\/mariolas-arada-pedestre.jpg\"\/>\n\t\t\t\t<\/div>\n\t\t\t\t\t\t\t\t<div class=\"carousel-item\">\n\t\t\t\t\t<style>\n\t\t\t\t\t\t\t\t\t\t\t<\/style>\n\t\t\t\t\t<div class=\"container\" id=\"item-69e2060145ac1\" style=\"opacity: 0;\">\n\t\t\t\t\t\t<div class=\"info-slide\">\n\t\t\t\t\t\t\t\t\t\t\t\t\t\t\t<div class=\"tags\">\n\t\t\t\t\t\t\t\t\t<span style=\"\">Descubra<\/span>\n\t\t\t\t\t\t\t\t<\/div>\n\t\t\t\t\t\t\t\t\t\t\t\t\t\t\t\t\t\t\t\t\t\t<div class=\"title\">\n\t\t\t\t\t\t\t\t\t<span style=\"\">D\u00f3nde Alojarse<\/span>\n\t\t\t\t\t\t\t\t<\/div>\n\t\t\t\t\t\t\t\t\t\t\t\t\t\t\t\t\t\t\t\t\t\t<div class=\"desc\">\n\t\t\t\t\t\t\t\t\t<span style=\"\">Desde los centros urbanos hasta los puntos m\u00e1s altos de las monta\u00f1as, desde la ribera de los r\u00edos hasta las laderas de las colinas y los valles, aislados o insertos en pueblos<\/span>\n\t\t\t\t\t\t\t\t<\/div>\n\t\t\t\t\t\t\t\t\t\t\t\t\t\t\t\t\t\t\t\t\t\t<div class=\"link\"><a style=\"\" target=\"_blank\" href=\"https:\/\/rap.montanhasmagicas.pt\/es\/ruta-del-agua-y-de-la-piedra\/descubra\/donde-alojarse\/\">M\u00e1s informaci\u00f3n<i class=\"fa fa-chevron-right\"><\/i><\/a><\/div>\n\t\t\t\t\t\t\t\t\t\t\t\t\t<\/div>\n\t\t\t\t\t<\/div>\t\n\t\t\t\t\t<style>\n\t\t\t\t\t\t.lazy-img{\n\t\t\t\t\t\t\tbackground-color:#c2c2c2;\n\t\t\t\t\t\t\tbackground-repeat:no-repeat;\n\t\t\t\t\t\t\tbackground-position:center;\n\t\t\t\t\t\t\tbackground-image: url(\"https:\/\/rap.montanhasmagicas.pt\/wp-content\/themes\/montanhasmagicas-child\/assets\/images\/loader-mm.gif\");\n\t\t\t\t\t\t}\n\t\t\t\t\t\t#slider-69e2060144f6c .container{\n\t\t\t\t\t\t\t-webkit-transition: opacity 0.4s;\n\t\t\t\t\t\t\t-mz-transition: opacity 0.4s;\n\t\t\t\t\t\t\t-o-transition: opacity 0.4s;\n\t\t\t\t\t\t\ttransition: opacity 0.4s;\n\t\t\t\t\t\t}\n\t\t\t\t\t<\/style>\n\t\t\t\t\t<img class=\"slider-img lazy-img\" data-lazy=\"https:\/\/rap.montanhasmagicas.pt\/wp-content\/uploads\/2022\/02\/douro-41-hotel-e-spa-1.jpg\"\/>\n\t\t\t\t<\/div>\n\t\t\t\t\t\t\t\t<div class=\"carousel-item\">\n\t\t\t\t\t<style>\n\t\t\t\t\t\t\t\t\t\t\t<\/style>\n\t\t\t\t\t<div class=\"container\" id=\"item-69e2060145fdb\" style=\"opacity: 0;\">\n\t\t\t\t\t\t<div class=\"info-slide\">\n\t\t\t\t\t\t\t\t\t\t\t\t\t\t\t<div class=\"tags\">\n\t\t\t\t\t\t\t\t\t<span style=\"\">Descubra<\/span>\n\t\t\t\t\t\t\t\t<\/div>\n\t\t\t\t\t\t\t\t\t\t\t\t\t\t\t\t\t\t\t\t\t\t<div class=\"title\">\n\t\t\t\t\t\t\t\t\t<span style=\"\">Patrimonio Natural y Cultural<\/span>\n\t\t\t\t\t\t\t\t<\/div>\n\t\t\t\t\t\t\t\t\t\t\t\t\t\t\t\t\t\t\t\t\t\t<div class=\"desc\">\n\t\t\t\t\t\t\t\t\t<span style=\"\">El hombre y la naturaleza en perfecta armon\u00eda.<\/span>\n\t\t\t\t\t\t\t\t<\/div>\n\t\t\t\t\t\t\t\t\t\t\t\t\t\t\t\t\t\t\t\t<\/div>\n\t\t\t\t\t<\/div>\t\n\t\t\t\t\t<style>\n\t\t\t\t\t\t.lazy-img{\n\t\t\t\t\t\t\tbackground-color:#c2c2c2;\n\t\t\t\t\t\t\tbackground-repeat:no-repeat;\n\t\t\t\t\t\t\tbackground-position:center;\n\t\t\t\t\t\t\tbackground-image: url(\"https:\/\/rap.montanhasmagicas.pt\/wp-content\/themes\/montanhasmagicas-child\/assets\/images\/loader-mm.gif\");\n\t\t\t\t\t\t}\n\t\t\t\t\t\t#slider-69e2060144f6c .container{\n\t\t\t\t\t\t\t-webkit-transition: opacity 0.4s;\n\t\t\t\t\t\t\t-mz-transition: opacity 0.4s;\n\t\t\t\t\t\t\t-o-transition: opacity 0.4s;\n\t\t\t\t\t\t\ttransition: opacity 0.4s;\n\t\t\t\t\t\t}\n\t\t\t\t\t<\/style>\n\t\t\t\t\t<img class=\"slider-img lazy-img\" data-lazy=\"https:\/\/rap.montanhasmagicas.pt\/wp-content\/uploads\/2022\/06\/ilha-dos-amores.jpg\"\/>\n\t\t\t\t<\/div>\n\t\t\t\t\t\t\t\t<div class=\"carousel-item\">\n\t\t\t\t\t<style>\n\t\t\t\t\t\t\t\t\t\t\t<\/style>\n\t\t\t\t\t<div class=\"container\" id=\"item-69e206014647b\" style=\"opacity: 0;\">\n\t\t\t\t\t\t<div class=\"info-slide\">\n\t\t\t\t\t\t\t\t\t\t\t\t\t\t\t<div class=\"tags\">\n\t\t\t\t\t\t\t\t\t<span style=\"\">Descubra<\/span>\n\t\t\t\t\t\t\t\t<\/div>\n\t\t\t\t\t\t\t\t\t\t\t\t\t\t\t\t\t\t\t\t\t\t<div class=\"title\">\n\t\t\t\t\t\t\t\t\t<span style=\"\">Gastronom\u00eda y Vinos<\/span>\n\t\t\t\t\t\t\t\t<\/div>\n\t\t\t\t\t\t\t\t\t\t\t\t\t\t\t\t\t\t\t\t\t\t<div class=\"desc\">\n\t\t\t\t\t\t\t\t\t<span style=\"\">Los pueblos y ciudades a las puertas de las Monta\u00f1as M\u00e1gicas\u00ae ofrecen una amplia oferta de restauraci\u00f3n.<\/span>\n\t\t\t\t\t\t\t\t<\/div>\n\t\t\t\t\t\t\t\t\t\t\t\t\t\t\t\t\t\t\t\t\t\t<div class=\"link\"><a style=\"\" target=\"_blank\" href=\"https:\/\/rap.montanhasmagicas.pt\/es\/ruta-del-agua-y-de-la-piedra\/descubra\/donde-comer\/\">M\u00e1s informaci\u00f3n<i class=\"fa fa-chevron-right\"><\/i><\/a><\/div>\n\t\t\t\t\t\t\t\t\t\t\t\t\t<\/div>\n\t\t\t\t\t<\/div>\t\n\t\t\t\t\t<style>\n\t\t\t\t\t\t.lazy-img{\n\t\t\t\t\t\t\tbackground-color:#c2c2c2;\n\t\t\t\t\t\t\tbackground-repeat:no-repeat;\n\t\t\t\t\t\t\tbackground-position:center;\n\t\t\t\t\t\t\tbackground-image: url(\"https:\/\/rap.montanhasmagicas.pt\/wp-content\/themes\/montanhasmagicas-child\/assets\/images\/loader-mm.gif\");\n\t\t\t\t\t\t}\n\t\t\t\t\t\t#slider-69e2060144f6c .container{\n\t\t\t\t\t\t\t-webkit-transition: opacity 0.4s;\n\t\t\t\t\t\t\t-mz-transition: opacity 0.4s;\n\t\t\t\t\t\t\t-o-transition: opacity 0.4s;\n\t\t\t\t\t\t\ttransition: opacity 0.4s;\n\t\t\t\t\t\t}\n\t\t\t\t\t<\/style>\n\t\t\t\t\t<img class=\"slider-img lazy-img\" data-lazy=\"https:\/\/rap.montanhasmagicas.pt\/wp-content\/uploads\/2021\/07\/gastronomia.jpeg\"\/>\n\t\t\t\t<\/div>\n\t\t\t\t\t\t\t<\/div>\n\t\t\t<div class=\"mm-slideshow-dots\"> \n\t\t\t\t<div class=\"container\" id=\"dots-69e2060144f6c\"><\/div>\n\t\t\t<\/div>\n\t\t<\/div>\n\t\t<script type=\"text\/javascript\">\n\t\t\tjQuery(document).ready(function(){\n\t\t\t\tvar $ = jQuery;\n\n\t\t\t\t$('#slider-69e2060144f6c').slick({\n\t\t\t\t\tdots: true,\n\t\t\t\t\tautoplay: true,\n\t\t\t\t\tautoplaySpeed: 4000,\n\t\t\t\t\tarrows: false,\n\t\t\t\t\tappendDots: $(\"#dots-69e2060144f6c\"),\n\t\t\t\t\tlazyLoad: 'progressive',\n\t\t\t\t});\n\n\t\t\t\t$('#slider-69e2060144f6c').on(\"lazyLoaded\", function(event, slick, image, imageSource){\n\t\t\t\t\tsetTimeout(function () {\n\t\t\t\t\t\t$('#slider-69e2060144f6c .slick-active .container').css(\"opacity\", \"1\");\n\t\t\t\t\t}, 300);\n\t\t\t\t});\n\t\t\t\t\n\t\t\t\t$('#slider-69e2060144f6c').on(\"afterChange\", function(event, slick, image, imageSource){\n\t\t\t\t\tsetTimeout(function () {\n\t\t\t\t\t\t$('#slider-69e2060144f6c .carousel-item .container').css(\"opacity\", \"0\");\n\t\t\t\t\t\t$('#slider-69e2060144f6c .slick-active .container').css(\"opacity\", \"1\");\n\t\t\t\t\t}, 300);\n\t\t\t\t});\n\t\t\t\t\n\t\t\t});\n\t\t<\/script>\n\t[\/vc_column][\/vc_row][vc_row][vc_column][vc_row_inner][vc_column_inner][vc_column_text]<\/p>\n<h2 style=\"text-align: center;\">BIENVENIDO A LA RUTA DEL AGUA Y LA PIEDRA<\/h2>\n<p style=\"text-align: center;\">Ruta de turismo y naturaleza de las sierras Freita, Arada, Arestal y Montemuro, y de los r\u00edos Paiva, Bestan\u00e7a, Vouga, Caima y Douro. Esta ruta es transversal a los 7 municipios de las Montanhas M\u00e1gicas y consta de 9 itinerarios, 114 paneles con 200 puntos tur\u00edsticos imperdibles.<\/p>\n<p style=\"text-align: center;\"><strong>9 rutas y 200 puntos que visitar en la Ruta del Agua y la Piedra<\/strong><\/p>\n<p>[\/vc_column_text][\/vc_column_inner][\/vc_row_inner][\/vc_column][\/vc_row][vc_row full_width=\u00bbstretch_row\u00bb vc_row_background=\u00bb\u00bb][vc_column][vc_row_inner css=\u00bb.vc_custom_1690668508130{margin-bottom: 45px !important;}\u00bb][vc_column_inner]\n        <div id=\"line-routes-1\" class=\"line-routes-container separator-bottom-top\">\n            <div class=\"wrapper\">\n                <div class=\"line-wrapper\">\n\n                \n                    <div class=\"col\">\n                                                    <style>.line-routes-container .line-item-1081 .marker-wrapper::after {border-top-color: #de0918!important}<\/style>\n                                                <a href=\"https:\/\/rap.montanhasmagicas.pt\/es\/ruta-del-agua-y-de-la-piedra\/ruta\/linea-a-arada\/\" class=\"line-item line-item-1081 \">\n                            <div class=\"marker-wrapper\">\n                                <div class=\"icon\" style=\"border-color: #de0918\" >\n                                    <span>A<\/span>\n                                <\/div>\n                            <\/div>\n                            <span class=\"title\">Arada<\/span>\n                        <\/a>\n                    <\/div>\n\n                \n                    <div class=\"col\">\n                                                    <style>.line-routes-container .line-item-1085 .marker-wrapper::after {border-top-color: #2e3192!important}<\/style>\n                                                <a href=\"https:\/\/rap.montanhasmagicas.pt\/es\/ruta-del-agua-y-de-la-piedra\/ruta\/linea-b-bestanca\/\" class=\"line-item line-item-1085 \">\n                            <div class=\"marker-wrapper\">\n                                <div class=\"icon\" style=\"border-color: #2e3192\" >\n                                    <span>B<\/span>\n                                <\/div>\n                            <\/div>\n                            <span class=\"title\">Bestan\u00e7a<\/span>\n                        <\/a>\n                    <\/div>\n\n                \n                    <div class=\"col\">\n                                                    <style>.line-routes-container .line-item-1088 .marker-wrapper::after {border-top-color: #f7941e!important}<\/style>\n                                                <a href=\"https:\/\/rap.montanhasmagicas.pt\/es\/ruta-del-agua-y-de-la-piedra\/ruta\/linea-c-caima\/\" class=\"line-item line-item-1088 \">\n                            <div class=\"marker-wrapper\">\n                                <div class=\"icon\" style=\"border-color: #f7941e\" >\n                                    <span>C<\/span>\n                                <\/div>\n                            <\/div>\n                            <span class=\"title\">Caima<\/span>\n                        <\/a>\n                    <\/div>\n\n                \n                    <div class=\"col\">\n                                                    <style>.line-routes-container .line-item-1091 .marker-wrapper::after {border-top-color: #231f20!important}<\/style>\n                                                <a href=\"https:\/\/rap.montanhasmagicas.pt\/es\/ruta-del-agua-y-de-la-piedra\/ruta\/linea-d-douro\/\" class=\"line-item line-item-1091 \">\n                            <div class=\"marker-wrapper\">\n                                <div class=\"icon\" style=\"border-color: #231f20\" >\n                                    <span>D<\/span>\n                                <\/div>\n                            <\/div>\n                            <span class=\"title\">Douro<\/span>\n                        <\/a>\n                    <\/div>\n\n                \n                    <div class=\"col\">\n                                                    <style>.line-routes-container .line-item-1094 .marker-wrapper::after {border-top-color: #6d6e71!important}<\/style>\n                                                <a href=\"https:\/\/rap.montanhasmagicas.pt\/es\/ruta-del-agua-y-de-la-piedra\/ruta\/linea-f-freita\/\" class=\"line-item line-item-1094 \">\n                            <div class=\"marker-wrapper\">\n                                <div class=\"icon\" style=\"border-color: #6d6e71\" >\n                                    <span>F<\/span>\n                                <\/div>\n                            <\/div>\n                            <span class=\"title\">Freita<\/span>\n                        <\/a>\n                    <\/div>\n\n                \n                    <div class=\"col\">\n                                                    <style>.line-routes-container .line-item-1097 .marker-wrapper::after {border-top-color: #06a651!important}<\/style>\n                                                <a href=\"https:\/\/rap.montanhasmagicas.pt\/es\/ruta-del-agua-y-de-la-piedra\/ruta\/linea-m-montemuro\/\" class=\"line-item line-item-1097 \">\n                            <div class=\"marker-wrapper\">\n                                <div class=\"icon\" style=\"border-color: #06a651\" >\n                                    <span>M<\/span>\n                                <\/div>\n                            <\/div>\n                            <span class=\"title\">Montemuro<\/span>\n                        <\/a>\n                    <\/div>\n\n                \n                    <div class=\"col\">\n                                                    <style>.line-routes-container .line-item-1100 .marker-wrapper::after {border-top-color: #ec008c!important}<\/style>\n                                                <a href=\"https:\/\/rap.montanhasmagicas.pt\/es\/ruta-del-agua-y-de-la-piedra\/ruta\/linea-p-paiva\/\" class=\"line-item line-item-1100 \">\n                            <div class=\"marker-wrapper\">\n                                <div class=\"icon\" style=\"border-color: #ec008c\" >\n                                    <span>P<\/span>\n                                <\/div>\n                            <\/div>\n                            <span class=\"title\">Paiva<\/span>\n                        <\/a>\n                    <\/div>\n\n                \n                    <div class=\"col\">\n                                                    <style>.line-routes-container .line-item-1103 .marker-wrapper::after {border-top-color: #fff200!important}<\/style>\n                                                <a href=\"https:\/\/rap.montanhasmagicas.pt\/es\/ruta-del-agua-y-de-la-piedra\/ruta\/linea-t-arestal\/\" class=\"line-item line-item-1103 \">\n                            <div class=\"marker-wrapper\">\n                                <div class=\"icon\" style=\"border-color: #fff200\" >\n                                    <span>T<\/span>\n                                <\/div>\n                            <\/div>\n                            <span class=\"title\">Arestal<\/span>\n                        <\/a>\n                    <\/div>\n\n                \n                    <div class=\"col\">\n                                                    <style>.line-routes-container .line-item-1106 .marker-wrapper::after {border-top-color: #1c75bc!important}<\/style>\n                                                <a href=\"https:\/\/rap.montanhasmagicas.pt\/es\/ruta-del-agua-y-de-la-piedra\/ruta\/linea-v-vouga\/\" class=\"line-item line-item-1106 \">\n                            <div class=\"marker-wrapper\">\n                                <div class=\"icon\" style=\"border-color: #1c75bc\" >\n                                    <span>V<\/span>\n                                <\/div>\n                            <\/div>\n                            <span class=\"title\">Vouga<\/span>\n                        <\/a>\n                    <\/div>\n\n                \n                <\/div>\n            <\/div>\n        <\/div>\n\n        <script type=\"text\/javascript\">\n\n            var $ = jQuery;\n\n            jQuery(document).ready(function() {\n                scroll_to_element();\n\n                $(document).on(\"resize\", function() {\n                    scroll_to_element();\n                });\n\n            });\n\n            function scroll_to_element() {\n                const activeElement = $(\"#line-routes-1 .line-item.active\");\n\n                if (activeElement.length) {\n\n                    const containerLeftOffset = $(\"#line-routes-1 .line-wrapper\").offset().left;\n                    const activeElementLeftOffset = activeElement.offset().left;\n                    const scrollPosition = activeElementLeftOffset - containerLeftOffset;\n\n                    $(\"#line-routes-1 .wrapper\").animate({ scrollLeft: scrollPosition }, 500);\n\n                }\n            }\n\n        <\/script>\n\n    [\/vc_column_inner][\/vc_row_inner][\/vc_column][\/vc_row][vc_row full_width=\u00bbstretch_row_content\u00bb vc_row_background=\u00bb\u00bb el_class=\u00bbdashboard-row separator-bottom\u00bb][vc_column][vc_row_inner el_class=\u00bbdashboard-row\u00bb][vc_column_inner offset=\u00bbvc_col-lg-6 vc_col-md-6 vc_col-xs-12&#8243;]\n\t<div class=\"mm-dashboard-item\">\n\t\t<div class=\"wrapper\">\n\t\t\t<a href=\"https:\/\/rap.montanhasmagicas.pt\/es\/ruta-del-agua-y-de-la-piedra\/ruta\/\"   >            \n\t\t\t\t<div class=\"header\">\n\t\t\t\t\t<h2 class=\"name\">La Ruta<\/h2>\n\t\t\t\t\t<div class=\"fa-wrapper\">\n\t\t\t\t\t\t<i class=\"fa fa-arrow-right\"><\/i>\n\t\t\t\t\t<\/div>\t\n\t\t\t\t<\/div>\n\t\t\t\t<div class=\"bg-box\">\n\t\t\t\t\t<div class=\"img\" style=\"background-image: url(https:\/\/rap.montanhasmagicas.pt\/wp-content\/uploads\/2022\/03\/vale-de-fratura-do-bestanca-2.jpg);\"><\/div>\n\t\t\t\t<\/div>\n\t\t\t<\/a>\n\t\t<\/div> \n\t<\/div>\n\n[\/vc_column_inner][vc_column_inner offset=\u00bbvc_col-lg-3 vc_col-md-3 vc_col-xs-12&#8243;]\n\t<div class=\"mm-dashboard-item\">\n\t\t<div class=\"wrapper\">\n\t\t\t<a href=\"https:\/\/rap.montanhasmagicas.pt\/es\/ruta-del-agua-y-de-la-piedra\/descubra\/donde-alojarse\/\"   >            \n\t\t\t\t<div class=\"header\">\n\t\t\t\t\t<h2 class=\"name\">D\u00f3nde Alojarse<\/h2>\n\t\t\t\t\t<div class=\"fa-wrapper\">\n\t\t\t\t\t\t<i class=\"fa fa-arrow-right\"><\/i>\n\t\t\t\t\t<\/div>\t\n\t\t\t\t<\/div>\n\t\t\t\t<div class=\"bg-box\">\n\t\t\t\t\t<div class=\"img\" style=\"background-image: url(https:\/\/rap.montanhasmagicas.pt\/wp-content\/uploads\/2022\/02\/douro-41-hotel-e-spa-1.jpg);\"><\/div>\n\t\t\t\t<\/div>\n\t\t\t<\/a>\n\t\t<\/div> \n\t<\/div>\n\n[\/vc_column_inner][vc_column_inner offset=\u00bbvc_col-lg-3 vc_col-md-3 vc_col-xs-12&#8243;]\n\t<div class=\"mm-dashboard-item\">\n\t\t<div class=\"wrapper\">\n\t\t\t<a href=\"https:\/\/rap.montanhasmagicas.pt\/es\/ruta-del-agua-y-de-la-piedra\/descubra\/donde-comer\/\"   >            \n\t\t\t\t<div class=\"header\">\n\t\t\t\t\t<h2 class=\"name\">D\u00f3nde Comer<\/h2>\n\t\t\t\t\t<div class=\"fa-wrapper\">\n\t\t\t\t\t\t<i class=\"fa fa-arrow-right\"><\/i>\n\t\t\t\t\t<\/div>\t\n\t\t\t\t<\/div>\n\t\t\t\t<div class=\"bg-box\">\n\t\t\t\t\t<div class=\"img\" style=\"background-image: url(https:\/\/rap.montanhasmagicas.pt\/wp-content\/uploads\/2023\/07\/vitela_assada-scaled.webp);\"><\/div>\n\t\t\t\t<\/div>\n\t\t\t<\/a>\n\t\t<\/div> \n\t<\/div>\n\n[\/vc_column_inner][\/vc_row_inner][vc_row_inner el_class=\u00bbdashboard-row\u00bb][vc_column_inner offset=\u00bbvc_col-lg-6 vc_col-md-6 vc_col-xs-12&#8243;]\n\t<div class=\"mm-dashboard-item\">\n\t\t<div class=\"wrapper\">\n\t\t\t<a href=\"https:\/\/rap.montanhasmagicas.pt\/es\/noticias\/\"   >            \n\t\t\t\t<div class=\"header\">\n\t\t\t\t\t<h2 class=\"name\">Noticias<\/h2>\n\t\t\t\t\t<div class=\"fa-wrapper\">\n\t\t\t\t\t\t<i class=\"fa fa-arrow-right\"><\/i>\n\t\t\t\t\t<\/div>\t\n\t\t\t\t<\/div>\n\t\t\t\t<div class=\"bg-box\">\n\t\t\t\t\t<div class=\"img\" style=\"background-image: url(https:\/\/rap.montanhasmagicas.pt\/wp-content\/uploads\/2022\/03\/rio-vouga.jpg);\"><\/div>\n\t\t\t\t<\/div>\n\t\t\t<\/a>\n\t\t<\/div> \n\t<\/div>\n\n[\/vc_column_inner][vc_column_inner offset=\u00bbvc_col-lg-6 vc_col-md-6 vc_col-xs-12&#8243;]\n\t<div class=\"mm-dashboard-item\">\n\t\t<div class=\"wrapper\">\n\t\t\t<a href=\"https:\/\/rap.montanhasmagicas.pt\/es\/event\/\"   >            \n\t\t\t\t<div class=\"header\">\n\t\t\t\t\t<h2 class=\"name\">Eventos<\/h2>\n\t\t\t\t\t<div class=\"fa-wrapper\">\n\t\t\t\t\t\t<i class=\"fa fa-arrow-right\"><\/i>\n\t\t\t\t\t<\/div>\t\n\t\t\t\t<\/div>\n\t\t\t\t<div class=\"bg-box\">\n\t\t\t\t\t<div class=\"img\" style=\"background-image: url(https:\/\/rap.montanhasmagicas.pt\/wp-content\/uploads\/2022\/03\/recriacao-atribuicao-foral-sever-do-vouga.jpg);\"><\/div>\n\t\t\t\t<\/div>\n\t\t\t<\/a>\n\t\t<\/div> \n\t<\/div>\n\n[\/vc_column_inner][\/vc_row_inner][\/vc_column][\/vc_row]<\/p>\n","protected":false},"excerpt":{"rendered":"<p>[vc_row full_width=\u00bbstretch_row_content_no_spaces\u00bb vc_row_background=\u00bb\u00bb css=\u00bb.vc_custom_1656547825291{margin-top: -60px !important;margin-right: 0px !important;margin-left: 0px !important;padding-right: 0px !important;padding-left: 0px !important;}\u00bb el_class=\u00bbseparator-bottom\u00bb][vc_column css=\u00bb.vc_custom_1626799425896{margin-right: 0px !important;margin-left: 0px !important;padding-right: 0px !important;padding-left: 0px !important;}\u00bb][\/vc_column][\/vc_row][vc_row][vc_column][vc_row_inner][vc_column_inner][vc_column_text] BIENVENIDO A LA RUTA DEL AGUA Y LA PIEDRA Ruta de turismo y naturaleza de las sierras Freita, Arada, Arestal y Montemuro, y de los r\u00edos Paiva, Bestan\u00e7a, Vouga, Caima y [&hellip;]<\/p>\n","protected":false},"author":1,"featured_media":0,"parent":0,"menu_order":13,"comment_status":"closed","ping_status":"closed","template":"page-rotapedra.php","meta":[],"_links":{"self":[{"href":"https:\/\/rap.montanhasmagicas.pt\/es\/wp-json\/wp\/v2\/pages\/16526"}],"collection":[{"href":"https:\/\/rap.montanhasmagicas.pt\/es\/wp-json\/wp\/v2\/pages"}],"about":[{"href":"https:\/\/rap.montanhasmagicas.pt\/es\/wp-json\/wp\/v2\/types\/page"}],"author":[{"embeddable":true,"href":"https:\/\/rap.montanhasmagicas.pt\/es\/wp-json\/wp\/v2\/users\/1"}],"replies":[{"embeddable":true,"href":"https:\/\/rap.montanhasmagicas.pt\/es\/wp-json\/wp\/v2\/comments?post=16526"}],"version-history":[{"count":0,"href":"https:\/\/rap.montanhasmagicas.pt\/es\/wp-json\/wp\/v2\/pages\/16526\/revisions"}],"wp:attachment":[{"href":"https:\/\/rap.montanhasmagicas.pt\/es\/wp-json\/wp\/v2\/media?parent=16526"}],"curies":[{"name":"wp","href":"https:\/\/api.w.org\/{rel}","templated":true}]}}