{"id":16761,"date":"2023-07-27T19:28:37","date_gmt":"2023-07-27T18:28:37","guid":{"rendered":"https:\/\/rap.montanhasmagicas.pt\/?page_id=16761"},"modified":"2023-07-29T22:14:11","modified_gmt":"2023-07-29T21:14:11","slug":"ruta","status":"publish","type":"page","link":"https:\/\/rap.montanhasmagicas.pt\/es\/ruta-del-agua-y-de-la-piedra\/ruta\/","title":{"rendered":"La Ruta del Agua y la Piedra"},"content":{"rendered":"<p>[vc_row full_width=\u00bbstretch_row\u00bb vc_row_background=\u00bb\u00bb el_class=\u00bbseparator-bottom\u00bb][vc_column][vc_row_inner el_class=\u00bbseparator-bottom\u00bb][vc_column_inner][vc_column_text]<\/p>\n<p style=\"text-align: center;\">La RAP\u00ae es una ruta que se diferencia por valorar elementos del patrimonio natural y cultural relacionados con el agua y la piedra. Cascadas, r\u00edos, grabados prehist\u00f3ricos, turberas, antiguas minas, d\u00f3lmenes, fraguas, f\u00f3siles, fen\u00f3menos geol\u00f3gicos, valles y librer\u00edas cuarcitas son algunas de las maravillas a descubrir en un territorio de paisajes fascinantes, con valles y sierras formados por miles de a\u00f1os de erosi\u00f3n. Hombre y naturaleza operaron en armon\u00eda en estos lugares, con aldeas, terrazas y canales de agua (levadas) modulando el paisaje, haciendo de esta regi\u00f3n una de las m\u00e1s bellas de Portugal.<\/p>\n<p style=\"text-align: center;\">La descubierta de las Montanhas M\u00e1gicas\u00ae se hace a trav\u00e9s de una especie de l\u00ednea de metro, con paradas formadas por locales a visitar en la inmensidad de las serran\u00edas comprendidas entre el Douro y el Vouga. Las l\u00edneas son los elementos naturales que aqu\u00ed imperan, intercambiando entre r\u00edos y sierras. De sur a norte, las l\u00edneas del Vouga (V), Arestal (T), Arada (A), Freita (F), Caima (C), Paiva (P), Montemuro (M), Bestan\u00e7a (B) y Douro (D) se suceden, formando en total 114 puntos de visitaci\u00f3n obligatoria. Algunos est\u00e1n justo al lado de la carretera, otros tienen acceso un poco m\u00e1s complicado, pero todos merecen una visita atenta y regular.<\/p>\n<p>[\/vc_column_text][\/vc_column_inner][\/vc_row_inner][vc_row_inner css=\u00bb.vc_custom_1690360916011{margin-top: 35px !important;}\u00bb][vc_column_inner][vc_column_text]<\/p>\n<h4 style=\"text-align: center;\">VISITA NUESTRAS RUTAS<\/h4>\n<p style=\"text-align: center;\"><strong>9 rutas y 114 puntos para visitar en la Ruta del Agua y la Piedra<\/strong><\/p>\n<p>[\/vc_column_text]\n        <div id=\"line-routes-1\" class=\"line-routes-container separator-bottom-top\">\n            <div class=\"wrapper\">\n                <div class=\"line-wrapper\">\n\n                \n                    <div class=\"col\">\n                                                    <style>.line-routes-container .line-item-1081 .marker-wrapper::after {border-top-color: #de0918!important}<\/style>\n                                                <a href=\"https:\/\/rap.montanhasmagicas.pt\/es\/ruta-del-agua-y-de-la-piedra\/ruta\/linea-a-arada\/\" class=\"line-item line-item-1081 \">\n                            <div class=\"marker-wrapper\">\n                                <div class=\"icon\" style=\"border-color: #de0918\" >\n                                    <span>A<\/span>\n                                <\/div>\n                            <\/div>\n                            <span class=\"title\">Arada<\/span>\n                        <\/a>\n                    <\/div>\n\n                \n                    <div class=\"col\">\n                                                    <style>.line-routes-container .line-item-1085 .marker-wrapper::after {border-top-color: #2e3192!important}<\/style>\n                                                <a href=\"https:\/\/rap.montanhasmagicas.pt\/es\/ruta-del-agua-y-de-la-piedra\/ruta\/linea-b-bestanca\/\" class=\"line-item line-item-1085 \">\n                            <div class=\"marker-wrapper\">\n                                <div class=\"icon\" style=\"border-color: #2e3192\" >\n                                    <span>B<\/span>\n                                <\/div>\n                            <\/div>\n                            <span class=\"title\">Bestan\u00e7a<\/span>\n                        <\/a>\n                    <\/div>\n\n                \n                    <div class=\"col\">\n                                                    <style>.line-routes-container .line-item-1088 .marker-wrapper::after {border-top-color: #f7941e!important}<\/style>\n                                                <a href=\"https:\/\/rap.montanhasmagicas.pt\/es\/ruta-del-agua-y-de-la-piedra\/ruta\/linea-c-caima\/\" class=\"line-item line-item-1088 \">\n                            <div class=\"marker-wrapper\">\n                                <div class=\"icon\" style=\"border-color: #f7941e\" >\n                                    <span>C<\/span>\n                                <\/div>\n                            <\/div>\n                            <span class=\"title\">Caima<\/span>\n                        <\/a>\n                    <\/div>\n\n                \n                    <div class=\"col\">\n                                                    <style>.line-routes-container .line-item-1091 .marker-wrapper::after {border-top-color: #231f20!important}<\/style>\n                                                <a href=\"https:\/\/rap.montanhasmagicas.pt\/es\/ruta-del-agua-y-de-la-piedra\/ruta\/linea-d-douro\/\" class=\"line-item line-item-1091 \">\n                            <div class=\"marker-wrapper\">\n                                <div class=\"icon\" style=\"border-color: #231f20\" >\n                                    <span>D<\/span>\n                                <\/div>\n                            <\/div>\n                            <span class=\"title\">Douro<\/span>\n                        <\/a>\n                    <\/div>\n\n                \n                    <div class=\"col\">\n                                                    <style>.line-routes-container .line-item-1094 .marker-wrapper::after {border-top-color: #6d6e71!important}<\/style>\n                                                <a href=\"https:\/\/rap.montanhasmagicas.pt\/es\/ruta-del-agua-y-de-la-piedra\/ruta\/linea-f-freita\/\" class=\"line-item line-item-1094 \">\n                            <div class=\"marker-wrapper\">\n                                <div class=\"icon\" style=\"border-color: #6d6e71\" >\n                                    <span>F<\/span>\n                                <\/div>\n                            <\/div>\n                            <span class=\"title\">Freita<\/span>\n                        <\/a>\n                    <\/div>\n\n                \n                    <div class=\"col\">\n                                                    <style>.line-routes-container .line-item-1097 .marker-wrapper::after {border-top-color: #06a651!important}<\/style>\n                                                <a href=\"https:\/\/rap.montanhasmagicas.pt\/es\/ruta-del-agua-y-de-la-piedra\/ruta\/linea-m-montemuro\/\" class=\"line-item line-item-1097 \">\n                            <div class=\"marker-wrapper\">\n                                <div class=\"icon\" style=\"border-color: #06a651\" >\n                                    <span>M<\/span>\n                                <\/div>\n                            <\/div>\n                            <span class=\"title\">Montemuro<\/span>\n                        <\/a>\n                    <\/div>\n\n                \n                    <div class=\"col\">\n                                                    <style>.line-routes-container .line-item-1100 .marker-wrapper::after {border-top-color: #ec008c!important}<\/style>\n                                                <a href=\"https:\/\/rap.montanhasmagicas.pt\/es\/ruta-del-agua-y-de-la-piedra\/ruta\/linea-p-paiva\/\" class=\"line-item line-item-1100 \">\n                            <div class=\"marker-wrapper\">\n                                <div class=\"icon\" style=\"border-color: #ec008c\" >\n                                    <span>P<\/span>\n                                <\/div>\n                            <\/div>\n                            <span class=\"title\">Paiva<\/span>\n                        <\/a>\n                    <\/div>\n\n                \n                    <div class=\"col\">\n                                                    <style>.line-routes-container .line-item-1103 .marker-wrapper::after {border-top-color: #fff200!important}<\/style>\n                                                <a href=\"https:\/\/rap.montanhasmagicas.pt\/es\/ruta-del-agua-y-de-la-piedra\/ruta\/linea-t-arestal\/\" class=\"line-item line-item-1103 \">\n                            <div class=\"marker-wrapper\">\n                                <div class=\"icon\" style=\"border-color: #fff200\" >\n                                    <span>T<\/span>\n                                <\/div>\n                            <\/div>\n                            <span class=\"title\">Arestal<\/span>\n                        <\/a>\n                    <\/div>\n\n                \n                    <div class=\"col\">\n                                                    <style>.line-routes-container .line-item-1106 .marker-wrapper::after {border-top-color: #1c75bc!important}<\/style>\n                                                <a href=\"https:\/\/rap.montanhasmagicas.pt\/es\/ruta-del-agua-y-de-la-piedra\/ruta\/linea-v-vouga\/\" class=\"line-item line-item-1106 \">\n                            <div class=\"marker-wrapper\">\n                                <div class=\"icon\" style=\"border-color: #1c75bc\" >\n                                    <span>V<\/span>\n                                <\/div>\n                            <\/div>\n                            <span class=\"title\">Vouga<\/span>\n                        <\/a>\n                    <\/div>\n\n                \n                <\/div>\n            <\/div>\n        <\/div>\n\n        <script type=\"text\/javascript\">\n\n            var $ = jQuery;\n\n            jQuery(document).ready(function() {\n                scroll_to_element();\n\n                $(document).on(\"resize\", function() {\n                    scroll_to_element();\n                });\n\n            });\n\n            function scroll_to_element() {\n                const activeElement = $(\"#line-routes-1 .line-item.active\");\n\n                if (activeElement.length) {\n\n                    const containerLeftOffset = $(\"#line-routes-1 .line-wrapper\").offset().left;\n                    const activeElementLeftOffset = activeElement.offset().left;\n                    const scrollPosition = activeElementLeftOffset - containerLeftOffset;\n\n                    $(\"#line-routes-1 .wrapper\").animate({ scrollLeft: scrollPosition }, 500);\n\n                }\n            }\n\n        <\/script>\n\n    [\/vc_column_inner][\/vc_row_inner][\/vc_column][\/vc_row]<\/p>\n","protected":false},"excerpt":{"rendered":"<p>[vc_row full_width=\u00bbstretch_row\u00bb vc_row_background=\u00bb\u00bb el_class=\u00bbseparator-bottom\u00bb][vc_column][vc_row_inner el_class=\u00bbseparator-bottom\u00bb][vc_column_inner][vc_column_text] La RAP\u00ae es una ruta que se diferencia por valorar elementos del patrimonio natural y cultural relacionados con el agua y la piedra. Cascadas, r\u00edos, grabados prehist\u00f3ricos, turberas, antiguas minas, d\u00f3lmenes, fraguas, f\u00f3siles, fen\u00f3menos geol\u00f3gicos, valles y librer\u00edas cuarcitas son algunas de las maravillas a descubrir en un territorio de [&hellip;]<\/p>\n","protected":false},"author":1,"featured_media":9201,"parent":16526,"menu_order":0,"comment_status":"closed","ping_status":"closed","template":"page-rotapedra.php","meta":[],"_links":{"self":[{"href":"https:\/\/rap.montanhasmagicas.pt\/es\/wp-json\/wp\/v2\/pages\/16761"}],"collection":[{"href":"https:\/\/rap.montanhasmagicas.pt\/es\/wp-json\/wp\/v2\/pages"}],"about":[{"href":"https:\/\/rap.montanhasmagicas.pt\/es\/wp-json\/wp\/v2\/types\/page"}],"author":[{"embeddable":true,"href":"https:\/\/rap.montanhasmagicas.pt\/es\/wp-json\/wp\/v2\/users\/1"}],"replies":[{"embeddable":true,"href":"https:\/\/rap.montanhasmagicas.pt\/es\/wp-json\/wp\/v2\/comments?post=16761"}],"version-history":[{"count":0,"href":"https:\/\/rap.montanhasmagicas.pt\/es\/wp-json\/wp\/v2\/pages\/16761\/revisions"}],"up":[{"embeddable":true,"href":"https:\/\/rap.montanhasmagicas.pt\/es\/wp-json\/wp\/v2\/pages\/16526"}],"wp:featuredmedia":[{"embeddable":true,"href":"https:\/\/rap.montanhasmagicas.pt\/es\/wp-json\/wp\/v2\/media\/9201"}],"wp:attachment":[{"href":"https:\/\/rap.montanhasmagicas.pt\/es\/wp-json\/wp\/v2\/media?parent=16761"}],"curies":[{"name":"wp","href":"https:\/\/api.w.org\/{rel}","templated":true}]}}