{"id":16875,"date":"2023-07-29T16:18:15","date_gmt":"2023-07-29T15:18:15","guid":{"rendered":"https:\/\/rap.montanhasmagicas.pt\/?page_id=16875"},"modified":"2023-07-29T16:18:15","modified_gmt":"2023-07-29T15:18:15","slug":"donde-comer","status":"publish","type":"page","link":"https:\/\/rap.montanhasmagicas.pt\/es\/ruta-del-agua-y-de-la-piedra\/descubra\/donde-comer\/","title":{"rendered":"D\u00f3nde Comer"},"content":{"rendered":"<p>[vc_row full_width=\u00bbstretch_row\u00bb vc_row_background=\u00bb\u00bb][vc_column][vc_row_inner][vc_column_inner][vc_column_text]<\/p>\n<h5 class=\"intro\" style=\"text-align: center;\">En todo el territorio hay restaurantes que sirven lo mejor de la cocina t\u00edpica local y de la gastronom\u00eda tradicional portuguesa. \u00a1Descubra d\u00f3nde est\u00e1n!<\/h5>\n<div class=\"description\">\n<div class=\"rich-text\">\n<p style=\"text-align: center;\">En los pueblos y ciudades que son las \u00abpuertas de entrada\u00bb a las Montanhas M\u00e1gicas\u00ae, la oferta de restaurantes es amplia y diversa. A medida que nos alejamos de los n\u00facleos urbanos, esta oferta se vuelve naturalmente m\u00e1s escasa, pero bien cualificada, con restaurantes en los que predomina la cocina t\u00edpica serrana o con caracter\u00edsticas m\u00e1s espec\u00edficas de los lugares en los que se encuentran, concretamente junto al r\u00edo. En algunos casos, se requiere reserva previa.<\/p>\n<p style=\"text-align: center;\">Las fiestas, romer\u00edas y eventos gastron\u00f3micos que se celebran en todo el territorio son excelentes ocasiones para degustar los platos t\u00edpicos, los dulces regionales y los vinos de la tierra, en un ambiente de gran animaci\u00f3n y reencuentro con las tradiciones, usos y costumbres locales.<\/p>\n<\/div>\n<\/div>\n<p>[\/vc_column_text][\/vc_column_inner][\/vc_row_inner][vc_row_inner][vc_column_inner]        <div class=\"container\">\n            <div class=\"vc_row row mm-archive-row separator-top-bottom\">\n                <div class=\"vc_col-lg-12 vc_col-md-12 vc_col-sm-12 vc_col-xs-12 mm-body-archive-column\">\n                    <div class=\"vc_row row\">\n                        <div class=\"vc_col-lg-12 vc_col-md-12 vc_col-sm-12 vc_col-xs-12 break-space-60\">\t\t\t\t\t\n    <div class=\"filter-wrapper\">\n        <div class=\"filters-form-wrapper\">\n            <div class=\"form-box\">\n                <form action=\"#\" role=\"\" method=\"post\" id=\"form-search-restaurant\">\n                    <div class=\"vc_row row form-row break-space-30\">\t\n                        <div class=\"vc_col-lg-12 vc_col-md-12 vc_col-sm-12 vc_col-xs-12 form-column\">\t\n                            <div class=\"legend-wrapper\">\t\n                            \t<label>Buscar en<\/label>\n\t\t\t\t\t\t\t\t<button onclick=\"jQuery('#form-search-restaurant')[0].reset();\" class=\"clerar-filters\"><i class=\"fa fa-close\"><\/i>Limpiar filtros<\/button>\n\t\t\t\t\t\t\t<\/div>\n                            <div class=\"input-wrapper search-wrapper\">\n                                <input class=\"search-input\" name=\"s\" id=\"s\" placeholder=\"Buscar en...\" type=\"text\" autocomplete=\"off\">\n                                <div class=\"form-icon search\">\n                                    <button id=\"search\"><i class=\"fa fa-search\"><\/i><\/button>\n                                <\/div>\t\n                            <\/div>\t\n                        <\/div>\n                    <\/div>\n                    <div class=\"vc_row row form-row columns-3\">\t\n                        <div class=\"vc_col-lg-4 vc_col-md-4 vc_col-sm-12 vc_col-xs-12 form-column\">\n                            <label>Condado<\/label>\n                            <div class=\"input-wrapper\">\n                                <select name=\"county\" class=\"form-select\">\n                                    <option selected disabled value=\"\">Condado<\/option>\n                                                                    <\/select>\n                                <div class=\"form-icon\">\n                                    <i class=\"fa fa-map-marker\"><\/i>\n                                <\/div>\t\n                            <\/div>\t\n                        <\/div>\t\n                        <div class=\"vc_col-lg-4 vc_col-md-4 vc_col-sm-12 vc_col-xs-12 form-column\">\n                            <label>Type of Restaurant<\/label>\n                            <div class=\"input-wrapper\">\n                                <select name=\"type_restaurant\" class=\"form-select\">\n                                    <option selected disabled value=\"\">Type of Restaurant<\/option>\n                                                                    <\/select>\n                                <div class=\"form-icon\">\n                                    <i class=\"fa fa-tag\"><\/i>\n                                <\/div>\t\n                            <\/div>\t\n                        <\/div>\t\n                        <div class=\"vc_col-lg-4 vc_col-md-4 vc_col-sm-12 vc_col-xs-12 form-column\">\n                            <label>Type of kitchen<\/label>\n                            <div class=\"input-wrapper\">\n                                <select name=\"type_kitchen\" class=\"form-select\">\n                                    <option selected disabled value>Type of Kitchen<\/option>\n                                                                    <\/select>\n                                <div class=\"form-icon\">\n                                    <i class=\"fa fa-info\"><\/i>\n                                <\/div>\t\n                            <\/div>\t\n                        <\/div>\t\n                    <\/div>\t\t\n                <\/form>\n            <\/div>\t\t\n        <\/div>\t\n        <div class=\"filters-btn-wrapper\">\n            <button class=\"btn-filters\"><i class=\"fa fa-filter\"><\/i><p class=\"show-filters-txt\">Mostrar filtros<\/p><p class=\"hide-filters-txt\">Ocultar filtros<\/p><\/button>\n            <div class=\"line\"><\/div>\n            <div class=\"hidden-bg\"><\/div>\n        <\/div>\n    <\/div>\n<\/div>\n<script>\n\n    var current_page  = 1;\n\n\tfunction filter_restaurants(filters){\n\t\tvar $ = jQuery;\n\n\t\tvar ajax_url = 'https:\/\/rap.montanhasmagicas.pt\/wp-admin\/admin-ajax.php';\n\n        \n\t\t$.ajax({\n\t\t\turl: ajax_url,\n\t\t\ttype: 'post',\n\t\t\tdata:{\n\t\t\t\taction: 'filters_rota_pedra_agua_grid',\n\t\t\t\tfilters: filters,\n                paged: current_page,\n                post_type: 'restaurant'\n\n\t\t\t},\n\t\t\tbeforeSend: function(){\n\t\t\t\t$(\".mm-archive-loading\").css(\"display\", \"flex\");\n\t\t\t},\n\t\t\tsuccess: function(response){\n                $(\".mm-archive-loading\").hide();\n                if(response != \"\"){\n\t\t\t\t    $(\"#grid\").append(response);\n                }\n\t\t\t},\n\t\t\terror: function(error){\n                $(\".mm-archive-loading\").hide();\n\t\t\t\tconsole.log(error);\n\t\t\t}\n\t\t});\n\t}\n\n    function get_serialize_form(){\n        var $ = jQuery;\n        var formArray = $(\"#form-search-restaurant\").serializeArray();\n        var formArrayOrganized = { };\n        $.each(formArray, function() {\n            formArrayOrganized[this.name] = this.value;\n        });\n        return formArrayOrganized;\n    }\n\n    function reset_search(){\n        var $ = jQuery;\n        current_page = 1;\n        $('#grid').empty();\n    }\n\n\tjQuery(document).ready(function(){\n\t\tvar $ = jQuery;\n        \n\t\tfilter_restaurants(get_serialize_form());\n\n\n        $(\"#form-search-restaurant\").submit(function(e){\n            reset_search();\n            e.preventDefault();\n\n            filter_restaurants(get_serialize_form());\n\n            return false;\n        });\n\n        $(\"#form-search-restaurant select\").on(\"change\",function(){\n            reset_search();\n\n            filter_restaurants(get_serialize_form());\n        });\n\n        $(document).on(\"click\",\"#load-more\",function(){\n            $(this).parent(\"div\").remove();\n            current_page++;\n            filter_restaurants(get_serialize_form());\n        });\n\t});\n<\/script>\n                        <div class=\"vc_col-lg-12 vc_col-md-12 vc_col-sm-12 vc_col-xs-12 break-space-45\">\n                            <div class=\"row vc_row vc_row-o-equal-height vc_row-flex grid-2\" id=\"grid\"><\/div>\n                        <\/div>\n                        <div class=\"vc_col-xs-12 mm-archive-loading\"><div class=\"lds-ring\"><div><\/div><div><\/div><div><\/div><div><\/div><\/div><\/div>\n                    <\/div>\n                <\/div>\n            <\/div>\n        <\/div>\n\n    [\/vc_column_inner][\/vc_row_inner][\/vc_column][\/vc_row]<\/p>\n","protected":false},"excerpt":{"rendered":"<p>[vc_row full_width=\u00bbstretch_row\u00bb vc_row_background=\u00bb\u00bb][vc_column][vc_row_inner][vc_column_inner][vc_column_text] En todo el territorio hay restaurantes que sirven lo mejor de la cocina t\u00edpica local y de la gastronom\u00eda tradicional portuguesa. \u00a1Descubra d\u00f3nde est\u00e1n! En los pueblos y ciudades que son las \u00abpuertas de entrada\u00bb a las Montanhas M\u00e1gicas\u00ae, la oferta de restaurantes es amplia y diversa. A medida que nos alejamos [&hellip;]<\/p>\n","protected":false},"author":1,"featured_media":16418,"parent":16879,"menu_order":9,"comment_status":"closed","ping_status":"closed","template":"page-rotapedra.php","meta":[],"_links":{"self":[{"href":"https:\/\/rap.montanhasmagicas.pt\/es\/wp-json\/wp\/v2\/pages\/16875"}],"collection":[{"href":"https:\/\/rap.montanhasmagicas.pt\/es\/wp-json\/wp\/v2\/pages"}],"about":[{"href":"https:\/\/rap.montanhasmagicas.pt\/es\/wp-json\/wp\/v2\/types\/page"}],"author":[{"embeddable":true,"href":"https:\/\/rap.montanhasmagicas.pt\/es\/wp-json\/wp\/v2\/users\/1"}],"replies":[{"embeddable":true,"href":"https:\/\/rap.montanhasmagicas.pt\/es\/wp-json\/wp\/v2\/comments?post=16875"}],"version-history":[{"count":0,"href":"https:\/\/rap.montanhasmagicas.pt\/es\/wp-json\/wp\/v2\/pages\/16875\/revisions"}],"up":[{"embeddable":true,"href":"https:\/\/rap.montanhasmagicas.pt\/es\/wp-json\/wp\/v2\/pages\/16879"}],"wp:featuredmedia":[{"embeddable":true,"href":"https:\/\/rap.montanhasmagicas.pt\/es\/wp-json\/wp\/v2\/media\/16418"}],"wp:attachment":[{"href":"https:\/\/rap.montanhasmagicas.pt\/es\/wp-json\/wp\/v2\/media?parent=16875"}],"curies":[{"name":"wp","href":"https:\/\/api.w.org\/{rel}","templated":true}]}}