{"id":16528,"date":"2023-07-26T12:13:12","date_gmt":"2023-07-26T11:13:12","guid":{"rendered":"https:\/\/rap.montanhasmagicas.pt\/?page_id=16528"},"modified":"2023-07-29T23:30:07","modified_gmt":"2023-07-29T22:30:07","slug":"route-de-leau-et-de-la-pierre","status":"publish","type":"page","link":"https:\/\/rap.montanhasmagicas.pt\/fr\/","title":{"rendered":"Route de l&rsquo;Eau et de la Pierre"},"content":{"rendered":"<p>[vc_row full_width=\u00a0\u00bbstretch_row_content_no_spaces\u00a0\u00bb vc_row_background=\u00a0\u00bb\u00a0\u00bb css=\u00a0\u00bb.vc_custom_1656547825291{margin-top: -60px !important;margin-right: 0px !important;margin-left: 0px !important;padding-right: 0px !important;padding-left: 0px !important;}\u00a0\u00bb el_class=\u00a0\u00bbseparator-bottom\u00a0\u00bb][vc_column css=\u00a0\u00bb.vc_custom_1626799425896{margin-right: 0px !important;margin-left: 0px !important;padding-right: 0px !important;padding-left: 0px !important;}\u00a0\u00bb]\t\t<style>\n\t\t\t\t\t\t\t.mm-slideshow{\n\t\t\t\t\tmin-height: 500px;\n\t\t\t\t}\n\t\t\t\n\t\t\t\t\t\t@media all and (max-width: 991px){\n\t\t\t\t.mm-slideshow{\n\t\t\t\t\tmin-height: 400px;\n\t\t\t\t}\n\t\t\t}\n\t\t\t\n\t\t\t\t\t\t@media all and (max-width: 767px){\n\t\t\t\t.mm-slideshow{\n\t\t\t\t\tmin-height: 350px;\n\t\t\t\t}\n\t\t\t}\n\t\t\t\n\t\t\t\t\t\t@media all and (max-width: 500px){\n\t\t\t\t.mm-slideshow{\n\t\t\t\t\tmin-height: 300px;\n\t\t\t\t}\n\t\t\t}\n\t\t\t\t\t<\/style>\n\t\t<div class=\"mm-slideshow negative-separator-top-mm-slider align-bottom-left\"> \t\n\t\t\t<div class=\"mm-slideshow-body\" id=\"slider-69e8cd98a4095\"> \n\n\t\t\t\t\t\t\t\t<div class=\"carousel-item\">\n\t\t\t\t\t<style>\n\t\t\t\t\t\t\t\t\t\t\t<\/style>\n\t\t\t\t\t<div class=\"container\" id=\"item-69e8cd98a71ec\" style=\"opacity: 0;\">\n\t\t\t\t\t\t<div class=\"info-slide\">\n\t\t\t\t\t\t\t\t\t\t\t\t\t\t\t<div class=\"tags\">\n\t\t\t\t\t\t\t\t\t<span style=\" color: #ffffff; \">Explorer<\/span>\n\t\t\t\t\t\t\t\t<\/div>\n\t\t\t\t\t\t\t\t\t\t\t\t\t\t\t\t\t\t\t\t\t\t<div class=\"title\">\n\t\t\t\t\t\t\t\t\t<span style=\"\">RAP - Route de l'Eau et de la Pierre<\/span>\n\t\t\t\t\t\t\t\t<\/div>\n\t\t\t\t\t\t\t\t\t\t\t\t\t\t\t\t\t\t\t\t\t\t<div class=\"desc\">\n\t\t\t\t\t\t\t\t\t<span style=\" color: #ffffff; \">9 itin\u00e9raires et 200 sites touristiques<\/span>\n\t\t\t\t\t\t\t\t<\/div>\n\t\t\t\t\t\t\t\t\t\t\t\t\t\t\t\t\t\t\t\t\t\t<div class=\"link\"><a style=\"\" target=\"_blank\" href=\"https:\/\/rap.montanhasmagicas.pt\/fr\/route-de-leau-et-de-la-pierre\/route\/\">Savoir Plus<i class=\"fa fa-chevron-right\"><\/i><\/a><\/div>\n\t\t\t\t\t\t\t\t\t\t\t\t\t<\/div>\n\t\t\t\t\t<\/div>\t\n\t\t\t\t\t<style>\n\t\t\t\t\t\t.lazy-img{\n\t\t\t\t\t\t\tbackground-color:#c2c2c2;\n\t\t\t\t\t\t\tbackground-repeat:no-repeat;\n\t\t\t\t\t\t\tbackground-position:center;\n\t\t\t\t\t\t\tbackground-image: url(\"https:\/\/rap.montanhasmagicas.pt\/wp-content\/themes\/montanhasmagicas-child\/assets\/images\/loader-mm.gif\");\n\t\t\t\t\t\t}\n\t\t\t\t\t\t#slider-69e8cd98a4095 .container{\n\t\t\t\t\t\t\t-webkit-transition: opacity 0.4s;\n\t\t\t\t\t\t\t-mz-transition: opacity 0.4s;\n\t\t\t\t\t\t\t-o-transition: opacity 0.4s;\n\t\t\t\t\t\t\ttransition: opacity 0.4s;\n\t\t\t\t\t\t}\n\t\t\t\t\t<\/style>\n\t\t\t\t\t<img class=\"slider-img lazy-img\" data-lazy=\"https:\/\/rap.montanhasmagicas.pt\/wp-content\/uploads\/2022\/06\/mariolas-arada-pedestre.jpg\"\/>\n\t\t\t\t<\/div>\n\t\t\t\t\t\t\t\t<div class=\"carousel-item\">\n\t\t\t\t\t<style>\n\t\t\t\t\t\t\t\t\t\t\t<\/style>\n\t\t\t\t\t<div class=\"container\" id=\"item-69e8cd98a756b\" style=\"opacity: 0;\">\n\t\t\t\t\t\t<div class=\"info-slide\">\n\t\t\t\t\t\t\t\t\t\t\t\t\t\t\t<div class=\"tags\">\n\t\t\t\t\t\t\t\t\t<span style=\"\">D\u00e9couvrir<\/span>\n\t\t\t\t\t\t\t\t<\/div>\n\t\t\t\t\t\t\t\t\t\t\t\t\t\t\t\t\t\t\t\t\t\t<div class=\"title\">\n\t\t\t\t\t\t\t\t\t<span style=\"\">O\u00f9 S\u00e9journer<\/span>\n\t\t\t\t\t\t\t\t<\/div>\n\t\t\t\t\t\t\t\t\t\t\t\t\t\t\t\t\t\t\t\t\t\t<div class=\"desc\">\n\t\t\t\t\t\t\t\t\t<span style=\"\">Des centres urbains aux points culminants des montagnes, des bords des rivi\u00e8res aux pentes des collines et des vall\u00e9es, isol\u00e9s ou ins\u00e9r\u00e9s dans des villages<\/span>\n\t\t\t\t\t\t\t\t<\/div>\n\t\t\t\t\t\t\t\t\t\t\t\t\t\t\t\t\t\t\t\t\t\t<div class=\"link\"><a style=\"\" target=\"_blank\" href=\"https:\/\/rap.montanhasmagicas.pt\/fr\/route-de-leau-et-de-la-pierre\/decouvrir\/ou-sejourner\/\">Savoir Plus<i class=\"fa fa-chevron-right\"><\/i><\/a><\/div>\n\t\t\t\t\t\t\t\t\t\t\t\t\t<\/div>\n\t\t\t\t\t<\/div>\t\n\t\t\t\t\t<style>\n\t\t\t\t\t\t.lazy-img{\n\t\t\t\t\t\t\tbackground-color:#c2c2c2;\n\t\t\t\t\t\t\tbackground-repeat:no-repeat;\n\t\t\t\t\t\t\tbackground-position:center;\n\t\t\t\t\t\t\tbackground-image: url(\"https:\/\/rap.montanhasmagicas.pt\/wp-content\/themes\/montanhasmagicas-child\/assets\/images\/loader-mm.gif\");\n\t\t\t\t\t\t}\n\t\t\t\t\t\t#slider-69e8cd98a4095 .container{\n\t\t\t\t\t\t\t-webkit-transition: opacity 0.4s;\n\t\t\t\t\t\t\t-mz-transition: opacity 0.4s;\n\t\t\t\t\t\t\t-o-transition: opacity 0.4s;\n\t\t\t\t\t\t\ttransition: opacity 0.4s;\n\t\t\t\t\t\t}\n\t\t\t\t\t<\/style>\n\t\t\t\t\t<img class=\"slider-img lazy-img\" data-lazy=\"https:\/\/rap.montanhasmagicas.pt\/wp-content\/uploads\/2022\/02\/douro-41-hotel-e-spa-1.jpg\"\/>\n\t\t\t\t<\/div>\n\t\t\t\t\t\t\t\t<div class=\"carousel-item\">\n\t\t\t\t\t<style>\n\t\t\t\t\t\t\t\t\t\t\t<\/style>\n\t\t\t\t\t<div class=\"container\" id=\"item-69e8cd98a7d0b\" style=\"opacity: 0;\">\n\t\t\t\t\t\t<div class=\"info-slide\">\n\t\t\t\t\t\t\t\t\t\t\t\t\t\t\t<div class=\"tags\">\n\t\t\t\t\t\t\t\t\t<span style=\"\">D\u00e9couvrir<\/span>\n\t\t\t\t\t\t\t\t<\/div>\n\t\t\t\t\t\t\t\t\t\t\t\t\t\t\t\t\t\t\t\t\t\t<div class=\"title\">\n\t\t\t\t\t\t\t\t\t<span style=\"\">Patrimoine Naturel et Culturel<\/span>\n\t\t\t\t\t\t\t\t<\/div>\n\t\t\t\t\t\t\t\t\t\t\t\t\t\t\t\t\t\t\t\t\t\t<div class=\"desc\">\n\t\t\t\t\t\t\t\t\t<span style=\"\">L'homme et la nature en parfaite harmonie.<\/span>\n\t\t\t\t\t\t\t\t<\/div>\n\t\t\t\t\t\t\t\t\t\t\t\t\t\t\t\t\t\t\t\t<\/div>\n\t\t\t\t\t<\/div>\t\n\t\t\t\t\t<style>\n\t\t\t\t\t\t.lazy-img{\n\t\t\t\t\t\t\tbackground-color:#c2c2c2;\n\t\t\t\t\t\t\tbackground-repeat:no-repeat;\n\t\t\t\t\t\t\tbackground-position:center;\n\t\t\t\t\t\t\tbackground-image: url(\"https:\/\/rap.montanhasmagicas.pt\/wp-content\/themes\/montanhasmagicas-child\/assets\/images\/loader-mm.gif\");\n\t\t\t\t\t\t}\n\t\t\t\t\t\t#slider-69e8cd98a4095 .container{\n\t\t\t\t\t\t\t-webkit-transition: opacity 0.4s;\n\t\t\t\t\t\t\t-mz-transition: opacity 0.4s;\n\t\t\t\t\t\t\t-o-transition: opacity 0.4s;\n\t\t\t\t\t\t\ttransition: opacity 0.4s;\n\t\t\t\t\t\t}\n\t\t\t\t\t<\/style>\n\t\t\t\t\t<img class=\"slider-img lazy-img\" data-lazy=\"https:\/\/rap.montanhasmagicas.pt\/wp-content\/uploads\/2022\/06\/ilha-dos-amores.jpg\"\/>\n\t\t\t\t<\/div>\n\t\t\t\t\t\t\t\t<div class=\"carousel-item\">\n\t\t\t\t\t<style>\n\t\t\t\t\t\t\t\t\t\t\t<\/style>\n\t\t\t\t\t<div class=\"container\" id=\"item-69e8cd98a8403\" style=\"opacity: 0;\">\n\t\t\t\t\t\t<div class=\"info-slide\">\n\t\t\t\t\t\t\t\t\t\t\t\t\t\t\t<div class=\"tags\">\n\t\t\t\t\t\t\t\t\t<span style=\"\">Descobrir<\/span>\n\t\t\t\t\t\t\t\t<\/div>\n\t\t\t\t\t\t\t\t\t\t\t\t\t\t\t\t\t\t\t\t\t\t<div class=\"title\">\n\t\t\t\t\t\t\t\t\t<span style=\"\">Gastronomie et Vins<\/span>\n\t\t\t\t\t\t\t\t<\/div>\n\t\t\t\t\t\t\t\t\t\t\t\t\t\t\t\t\t\t\t\t\t\t<div class=\"desc\">\n\t\t\t\t\t\t\t\t\t<span style=\"\">Les villes situ\u00e9es aux portes des Monta\u00f1as M\u00e1gicas\u00ae offrent un large \u00e9ventail de restaurants.<\/span>\n\t\t\t\t\t\t\t\t<\/div>\n\t\t\t\t\t\t\t\t\t\t\t\t\t\t\t\t\t\t\t\t\t\t<div class=\"link\"><a style=\"\" target=\"_blank\" href=\"https:\/\/rap.montanhasmagicas.pt\/fr\/route-de-leau-et-de-la-pierre\/decouvrir\/ou-manger\/\">Saber mais<i class=\"fa fa-chevron-right\"><\/i><\/a><\/div>\n\t\t\t\t\t\t\t\t\t\t\t\t\t<\/div>\n\t\t\t\t\t<\/div>\t\n\t\t\t\t\t<style>\n\t\t\t\t\t\t.lazy-img{\n\t\t\t\t\t\t\tbackground-color:#c2c2c2;\n\t\t\t\t\t\t\tbackground-repeat:no-repeat;\n\t\t\t\t\t\t\tbackground-position:center;\n\t\t\t\t\t\t\tbackground-image: url(\"https:\/\/rap.montanhasmagicas.pt\/wp-content\/themes\/montanhasmagicas-child\/assets\/images\/loader-mm.gif\");\n\t\t\t\t\t\t}\n\t\t\t\t\t\t#slider-69e8cd98a4095 .container{\n\t\t\t\t\t\t\t-webkit-transition: opacity 0.4s;\n\t\t\t\t\t\t\t-mz-transition: opacity 0.4s;\n\t\t\t\t\t\t\t-o-transition: opacity 0.4s;\n\t\t\t\t\t\t\ttransition: opacity 0.4s;\n\t\t\t\t\t\t}\n\t\t\t\t\t<\/style>\n\t\t\t\t\t<img class=\"slider-img lazy-img\" data-lazy=\"https:\/\/rap.montanhasmagicas.pt\/wp-content\/uploads\/2021\/07\/gastronomia.jpeg\"\/>\n\t\t\t\t<\/div>\n\t\t\t\t\t\t\t<\/div>\n\t\t\t<div class=\"mm-slideshow-dots\"> \n\t\t\t\t<div class=\"container\" id=\"dots-69e8cd98a4095\"><\/div>\n\t\t\t<\/div>\n\t\t<\/div>\n\t\t<script type=\"text\/javascript\">\n\t\t\tjQuery(document).ready(function(){\n\t\t\t\tvar $ = jQuery;\n\n\t\t\t\t$('#slider-69e8cd98a4095').slick({\n\t\t\t\t\tdots: true,\n\t\t\t\t\tautoplay: true,\n\t\t\t\t\tautoplaySpeed: 4000,\n\t\t\t\t\tarrows: false,\n\t\t\t\t\tappendDots: $(\"#dots-69e8cd98a4095\"),\n\t\t\t\t\tlazyLoad: 'progressive',\n\t\t\t\t});\n\n\t\t\t\t$('#slider-69e8cd98a4095').on(\"lazyLoaded\", function(event, slick, image, imageSource){\n\t\t\t\t\tsetTimeout(function () {\n\t\t\t\t\t\t$('#slider-69e8cd98a4095 .slick-active .container').css(\"opacity\", \"1\");\n\t\t\t\t\t}, 300);\n\t\t\t\t});\n\t\t\t\t\n\t\t\t\t$('#slider-69e8cd98a4095').on(\"afterChange\", function(event, slick, image, imageSource){\n\t\t\t\t\tsetTimeout(function () {\n\t\t\t\t\t\t$('#slider-69e8cd98a4095 .carousel-item .container').css(\"opacity\", \"0\");\n\t\t\t\t\t\t$('#slider-69e8cd98a4095 .slick-active .container').css(\"opacity\", \"1\");\n\t\t\t\t\t}, 300);\n\t\t\t\t});\n\t\t\t\t\n\t\t\t});\n\t\t<\/script>\n\t[\/vc_column][\/vc_row][vc_row][vc_column][vc_row_inner][vc_column_inner][vc_column_text]<\/p>\n<h2 style=\"text-align: center;\">BIENVENUE SUR LA ROUTE DE L&rsquo;EAU ET DE LA PIERRE<\/h2>\n<p style=\"text-align: center;\">Route touristique et naturelle des montagnes Freita, Arada, Arestal et Montemuro, et des rivi\u00e8res Paiva, Bestan\u00e7a, Vouga, Caima et Douro. Cette route traverse les 7 municipalit\u00e9s des Montanhas M\u00e1gicas et se compose de 9 routes, 114 panneaux et 200 points touristiques \u00e0 ne pas manquer.<\/p>\n<p style=\"text-align: center;\"><strong>9 routes et 200 points \u00e0 visiter sur la Route de l&rsquo;Eau et de la Pierre<\/strong><\/p>\n<p>[\/vc_column_text][\/vc_column_inner][\/vc_row_inner][\/vc_column][\/vc_row][vc_row full_width=\u00a0\u00bbstretch_row\u00a0\u00bb vc_row_background=\u00a0\u00bb\u00a0\u00bb][vc_column][vc_row_inner css=\u00a0\u00bb.vc_custom_1690668508130{margin-bottom: 45px !important;}\u00a0\u00bb][vc_column_inner]\n        <div id=\"line-routes-1\" class=\"line-routes-container separator-bottom-top\">\n            <div class=\"wrapper\">\n                <div class=\"line-wrapper\">\n\n                \n                    <div class=\"col\">\n                                                    <style>.line-routes-container .line-item-1082 .marker-wrapper::after {border-top-color: #de0918!important}<\/style>\n                                                <a href=\"https:\/\/rap.montanhasmagicas.pt\/fr\/route-de-leau-et-de-la-pierre\/route\/ligne-a-arada\/\" class=\"line-item line-item-1082 \">\n                            <div class=\"marker-wrapper\">\n                                <div class=\"icon\" style=\"border-color: #de0918\" >\n                                    <span>A<\/span>\n                                <\/div>\n                            <\/div>\n                            <span class=\"title\">Arada<\/span>\n                        <\/a>\n                    <\/div>\n\n                \n                    <div class=\"col\">\n                                                    <style>.line-routes-container .line-item-1084 .marker-wrapper::after {border-top-color: #2e3192!important}<\/style>\n                                                <a href=\"https:\/\/rap.montanhasmagicas.pt\/fr\/route-de-leau-et-de-la-pierre\/route\/ligne-b-bestanca\/\" class=\"line-item line-item-1084 \">\n                            <div class=\"marker-wrapper\">\n                                <div class=\"icon\" style=\"border-color: #2e3192\" >\n                                    <span>B<\/span>\n                                <\/div>\n                            <\/div>\n                            <span class=\"title\">Bestan\u00e7a<\/span>\n                        <\/a>\n                    <\/div>\n\n                \n                    <div class=\"col\">\n                                                    <style>.line-routes-container .line-item-1087 .marker-wrapper::after {border-top-color: #f7941e!important}<\/style>\n                                                <a href=\"https:\/\/rap.montanhasmagicas.pt\/fr\/route-de-leau-et-de-la-pierre\/route\/ligne-c-caima\/\" class=\"line-item line-item-1087 \">\n                            <div class=\"marker-wrapper\">\n                                <div class=\"icon\" style=\"border-color: #f7941e\" >\n                                    <span>C<\/span>\n                                <\/div>\n                            <\/div>\n                            <span class=\"title\">Caima<\/span>\n                        <\/a>\n                    <\/div>\n\n                \n                    <div class=\"col\">\n                                                    <style>.line-routes-container .line-item-1090 .marker-wrapper::after {border-top-color: #231f20!important}<\/style>\n                                                <a href=\"https:\/\/rap.montanhasmagicas.pt\/fr\/route-de-leau-et-de-la-pierre\/route\/ligne-d-douro\/\" class=\"line-item line-item-1090 \">\n                            <div class=\"marker-wrapper\">\n                                <div class=\"icon\" style=\"border-color: #231f20\" >\n                                    <span>D<\/span>\n                                <\/div>\n                            <\/div>\n                            <span class=\"title\">Douro<\/span>\n                        <\/a>\n                    <\/div>\n\n                \n                    <div class=\"col\">\n                                                    <style>.line-routes-container .line-item-1093 .marker-wrapper::after {border-top-color: #6d6e71!important}<\/style>\n                                                <a href=\"https:\/\/rap.montanhasmagicas.pt\/fr\/route-de-leau-et-de-la-pierre\/route\/ligne-f-freita\/\" class=\"line-item line-item-1093 \">\n                            <div class=\"marker-wrapper\">\n                                <div class=\"icon\" style=\"border-color: #6d6e71\" >\n                                    <span>F<\/span>\n                                <\/div>\n                            <\/div>\n                            <span class=\"title\">Freita<\/span>\n                        <\/a>\n                    <\/div>\n\n                \n                    <div class=\"col\">\n                                                    <style>.line-routes-container .line-item-1096 .marker-wrapper::after {border-top-color: #06a651!important}<\/style>\n                                                <a href=\"https:\/\/rap.montanhasmagicas.pt\/fr\/route-de-leau-et-de-la-pierre\/route\/ligne-m-montemuro\/\" class=\"line-item line-item-1096 \">\n                            <div class=\"marker-wrapper\">\n                                <div class=\"icon\" style=\"border-color: #06a651\" >\n                                    <span>M<\/span>\n                                <\/div>\n                            <\/div>\n                            <span class=\"title\">Montemuro<\/span>\n                        <\/a>\n                    <\/div>\n\n                \n                    <div class=\"col\">\n                                                    <style>.line-routes-container .line-item-1099 .marker-wrapper::after {border-top-color: #ec008c!important}<\/style>\n                                                <a href=\"https:\/\/rap.montanhasmagicas.pt\/fr\/route-de-leau-et-de-la-pierre\/route\/ligne-p-paiva\/\" class=\"line-item line-item-1099 \">\n                            <div class=\"marker-wrapper\">\n                                <div class=\"icon\" style=\"border-color: #ec008c\" >\n                                    <span>P<\/span>\n                                <\/div>\n                            <\/div>\n                            <span class=\"title\">Paiva<\/span>\n                        <\/a>\n                    <\/div>\n\n                \n                    <div class=\"col\">\n                                                    <style>.line-routes-container .line-item-1102 .marker-wrapper::after {border-top-color: #fff200!important}<\/style>\n                                                <a href=\"https:\/\/rap.montanhasmagicas.pt\/fr\/route-de-leau-et-de-la-pierre\/route\/ligne-t-arestal\/\" class=\"line-item line-item-1102 \">\n                            <div class=\"marker-wrapper\">\n                                <div class=\"icon\" style=\"border-color: #fff200\" >\n                                    <span>T<\/span>\n                                <\/div>\n                            <\/div>\n                            <span class=\"title\">Arestal<\/span>\n                        <\/a>\n                    <\/div>\n\n                \n                    <div class=\"col\">\n                                                    <style>.line-routes-container .line-item-1105 .marker-wrapper::after {border-top-color: #1c75bc!important}<\/style>\n                                                <a href=\"https:\/\/rap.montanhasmagicas.pt\/fr\/route-de-leau-et-de-la-pierre\/route\/ligne-v-vouga\/\" class=\"line-item line-item-1105 \">\n                            <div class=\"marker-wrapper\">\n                                <div class=\"icon\" style=\"border-color: #1c75bc\" >\n                                    <span>V<\/span>\n                                <\/div>\n                            <\/div>\n                            <span class=\"title\">Vouga<\/span>\n                        <\/a>\n                    <\/div>\n\n                \n                <\/div>\n            <\/div>\n        <\/div>\n\n        <script type=\"text\/javascript\">\n\n            var $ = jQuery;\n\n            jQuery(document).ready(function() {\n                scroll_to_element();\n\n                $(document).on(\"resize\", function() {\n                    scroll_to_element();\n                });\n\n            });\n\n            function scroll_to_element() {\n                const activeElement = $(\"#line-routes-1 .line-item.active\");\n\n                if (activeElement.length) {\n\n                    const containerLeftOffset = $(\"#line-routes-1 .line-wrapper\").offset().left;\n                    const activeElementLeftOffset = activeElement.offset().left;\n                    const scrollPosition = activeElementLeftOffset - containerLeftOffset;\n\n                    $(\"#line-routes-1 .wrapper\").animate({ scrollLeft: scrollPosition }, 500);\n\n                }\n            }\n\n        <\/script>\n\n    [\/vc_column_inner][\/vc_row_inner][\/vc_column][\/vc_row][vc_row full_width=\u00a0\u00bbstretch_row_content\u00a0\u00bb vc_row_background=\u00a0\u00bb\u00a0\u00bb el_class=\u00a0\u00bbdashboard-row separator-bottom\u00a0\u00bb][vc_column][vc_row_inner el_class=\u00a0\u00bbdashboard-row\u00a0\u00bb][vc_column_inner offset=\u00a0\u00bbvc_col-lg-6 vc_col-md-6 vc_col-xs-12&Prime;]\n\t<div class=\"mm-dashboard-item\">\n\t\t<div class=\"wrapper\">\n\t\t\t<a href=\"https:\/\/rap.montanhasmagicas.pt\/fr\/route-de-leau-et-de-la-pierre\/route\/\"   >            \n\t\t\t\t<div class=\"header\">\n\t\t\t\t\t<h2 class=\"name\">La Route<\/h2>\n\t\t\t\t\t<div class=\"fa-wrapper\">\n\t\t\t\t\t\t<i class=\"fa fa-arrow-right\"><\/i>\n\t\t\t\t\t<\/div>\t\n\t\t\t\t<\/div>\n\t\t\t\t<div class=\"bg-box\">\n\t\t\t\t\t<div class=\"img\" style=\"background-image: url(https:\/\/rap.montanhasmagicas.pt\/wp-content\/uploads\/2022\/03\/vale-de-fratura-do-bestanca-2.jpg);\"><\/div>\n\t\t\t\t<\/div>\n\t\t\t<\/a>\n\t\t<\/div> \n\t<\/div>\n\n[\/vc_column_inner][vc_column_inner offset=\u00a0\u00bbvc_col-lg-3 vc_col-md-3 vc_col-xs-12&Prime;]\n\t<div class=\"mm-dashboard-item\">\n\t\t<div class=\"wrapper\">\n\t\t\t<a href=\"https:\/\/rap.montanhasmagicas.pt\/fr\/route-de-leau-et-de-la-pierre\/decouvrir\/ou-sejourner\/\"   >            \n\t\t\t\t<div class=\"header\">\n\t\t\t\t\t<h2 class=\"name\">O\u00f9 S\u00e9journer<\/h2>\n\t\t\t\t\t<div class=\"fa-wrapper\">\n\t\t\t\t\t\t<i class=\"fa fa-arrow-right\"><\/i>\n\t\t\t\t\t<\/div>\t\n\t\t\t\t<\/div>\n\t\t\t\t<div class=\"bg-box\">\n\t\t\t\t\t<div class=\"img\" style=\"background-image: url(https:\/\/rap.montanhasmagicas.pt\/wp-content\/uploads\/2022\/02\/douro-41-hotel-e-spa-1.jpg);\"><\/div>\n\t\t\t\t<\/div>\n\t\t\t<\/a>\n\t\t<\/div> \n\t<\/div>\n\n[\/vc_column_inner][vc_column_inner offset=\u00a0\u00bbvc_col-lg-3 vc_col-md-3 vc_col-xs-12&Prime;]\n\t<div class=\"mm-dashboard-item\">\n\t\t<div class=\"wrapper\">\n\t\t\t<a href=\"https:\/\/rap.montanhasmagicas.pt\/fr\/route-de-leau-et-de-la-pierre\/decouvrir\/ou-manger\/\"   >            \n\t\t\t\t<div class=\"header\">\n\t\t\t\t\t<h2 class=\"name\">O\u00f9 Manger<\/h2>\n\t\t\t\t\t<div class=\"fa-wrapper\">\n\t\t\t\t\t\t<i class=\"fa fa-arrow-right\"><\/i>\n\t\t\t\t\t<\/div>\t\n\t\t\t\t<\/div>\n\t\t\t\t<div class=\"bg-box\">\n\t\t\t\t\t<div class=\"img\" style=\"background-image: url(https:\/\/rap.montanhasmagicas.pt\/wp-content\/uploads\/2023\/07\/vitela_assada-scaled.webp);\"><\/div>\n\t\t\t\t<\/div>\n\t\t\t<\/a>\n\t\t<\/div> \n\t<\/div>\n\n[\/vc_column_inner][\/vc_row_inner][vc_row_inner el_class=\u00a0\u00bbdashboard-row\u00a0\u00bb][vc_column_inner offset=\u00a0\u00bbvc_col-lg-6 vc_col-md-6 vc_col-xs-12&Prime;]\n\t<div class=\"mm-dashboard-item\">\n\t\t<div class=\"wrapper\">\n\t\t\t<a href=\"https:\/\/rap.montanhasmagicas.pt\/fr\/actualites\/\"   >            \n\t\t\t\t<div class=\"header\">\n\t\t\t\t\t<h2 class=\"name\">Actualit\u00e9s<\/h2>\n\t\t\t\t\t<div class=\"fa-wrapper\">\n\t\t\t\t\t\t<i class=\"fa fa-arrow-right\"><\/i>\n\t\t\t\t\t<\/div>\t\n\t\t\t\t<\/div>\n\t\t\t\t<div class=\"bg-box\">\n\t\t\t\t\t<div class=\"img\" style=\"background-image: url(https:\/\/rap.montanhasmagicas.pt\/wp-content\/uploads\/2022\/03\/rio-vouga.jpg);\"><\/div>\n\t\t\t\t<\/div>\n\t\t\t<\/a>\n\t\t<\/div> \n\t<\/div>\n\n[\/vc_column_inner][vc_column_inner offset=\u00a0\u00bbvc_col-lg-6 vc_col-md-6 vc_col-xs-12&Prime;]\n\t<div class=\"mm-dashboard-item\">\n\t\t<div class=\"wrapper\">\n\t\t\t<a href=\"https:\/\/rap.montanhasmagicas.pt\/fr\/event\/\"   >            \n\t\t\t\t<div class=\"header\">\n\t\t\t\t\t<h2 class=\"name\">\u00c9v\u00e9nements<\/h2>\n\t\t\t\t\t<div class=\"fa-wrapper\">\n\t\t\t\t\t\t<i class=\"fa fa-arrow-right\"><\/i>\n\t\t\t\t\t<\/div>\t\n\t\t\t\t<\/div>\n\t\t\t\t<div class=\"bg-box\">\n\t\t\t\t\t<div class=\"img\" style=\"background-image: url(https:\/\/rap.montanhasmagicas.pt\/wp-content\/uploads\/2022\/03\/recriacao-atribuicao-foral-sever-do-vouga.jpg);\"><\/div>\n\t\t\t\t<\/div>\n\t\t\t<\/a>\n\t\t<\/div> \n\t<\/div>\n\n[\/vc_column_inner][\/vc_row_inner][\/vc_column][\/vc_row]<\/p>\n","protected":false},"excerpt":{"rendered":"<p>[vc_row full_width=\u00a0\u00bbstretch_row_content_no_spaces\u00a0\u00bb vc_row_background=\u00a0\u00bb\u00a0\u00bb css=\u00a0\u00bb.vc_custom_1656547825291{margin-top: -60px !important;margin-right: 0px !important;margin-left: 0px !important;padding-right: 0px !important;padding-left: 0px !important;}\u00a0\u00bb el_class=\u00a0\u00bbseparator-bottom\u00a0\u00bb][vc_column css=\u00a0\u00bb.vc_custom_1626799425896{margin-right: 0px !important;margin-left: 0px !important;padding-right: 0px !important;padding-left: 0px !important;}\u00a0\u00bb][\/vc_column][\/vc_row][vc_row][vc_column][vc_row_inner][vc_column_inner][vc_column_text] BIENVENUE SUR LA ROUTE DE L&rsquo;EAU ET DE LA PIERRE Route touristique et naturelle des montagnes Freita, Arada, Arestal et Montemuro, et des rivi\u00e8res Paiva, Bestan\u00e7a, Vouga, Caima et Douro. Cette [&hellip;]<\/p>\n","protected":false},"author":1,"featured_media":0,"parent":0,"menu_order":13,"comment_status":"closed","ping_status":"closed","template":"page-rotapedra.php","meta":[],"_links":{"self":[{"href":"https:\/\/rap.montanhasmagicas.pt\/fr\/wp-json\/wp\/v2\/pages\/16528"}],"collection":[{"href":"https:\/\/rap.montanhasmagicas.pt\/fr\/wp-json\/wp\/v2\/pages"}],"about":[{"href":"https:\/\/rap.montanhasmagicas.pt\/fr\/wp-json\/wp\/v2\/types\/page"}],"author":[{"embeddable":true,"href":"https:\/\/rap.montanhasmagicas.pt\/fr\/wp-json\/wp\/v2\/users\/1"}],"replies":[{"embeddable":true,"href":"https:\/\/rap.montanhasmagicas.pt\/fr\/wp-json\/wp\/v2\/comments?post=16528"}],"version-history":[{"count":0,"href":"https:\/\/rap.montanhasmagicas.pt\/fr\/wp-json\/wp\/v2\/pages\/16528\/revisions"}],"wp:attachment":[{"href":"https:\/\/rap.montanhasmagicas.pt\/fr\/wp-json\/wp\/v2\/media?parent=16528"}],"curies":[{"name":"wp","href":"https:\/\/api.w.org\/{rel}","templated":true}]}}