{"id":16759,"date":"2023-07-27T19:26:44","date_gmt":"2023-07-27T18:26:44","guid":{"rendered":"https:\/\/rap.montanhasmagicas.pt\/?page_id=16759"},"modified":"2023-07-29T22:13:59","modified_gmt":"2023-07-29T21:13:59","slug":"route","status":"publish","type":"page","link":"https:\/\/rap.montanhasmagicas.pt\/fr\/route-de-leau-et-de-la-pierre\/route\/","title":{"rendered":"La Route de l&rsquo;Eau et de la Pierre"},"content":{"rendered":"<p>[vc_row full_width=\u00a0\u00bbstretch_row\u00a0\u00bb vc_row_background=\u00a0\u00bb\u00a0\u00bb el_class=\u00a0\u00bbseparator-bottom\u00a0\u00bb][vc_column][vc_row_inner el_class=\u00a0\u00bbseparator-bottom\u00a0\u00bb][vc_column_inner][vc_column_text]<\/p>\n<p style=\"text-align: center;\">Le RAP c&rsquo;est une route caract\u00e9ris\u00e9e par la valorisation du patrimoine naturel et culturel reliant l&rsquo;eau et la pierre. Cascades, chutes d&rsquo;eau, rivi\u00e8res, gravures pr\u00e9historiques, tourbi\u00e8res, mines anciennes, dolmens, affleurements rocheux, fossiles, ph\u00e9nom\u00e8nes g\u00e9ologiques uniques, vall\u00e9es enchant\u00e9es et librairies quartzitiques son autant de raisons pour d\u00e9couvrir ces contr\u00e9es aux paysages \u00e9poustouflants, avec des vall\u00e9es et montagnes sculpt\u00e9s par des millions d&rsquo;ann\u00e9es d&rsquo;\u00e9rosion. Homme et nature ont travaill\u00e9 ensemble ces territoires, avec villages, terrasses agricoles et canaux d\u2019eau fa\u00e7onnant le paysage harmonieusement et nous donnant \u00e0 voir une des plus belles r\u00e9gions du Portugal.<\/p>\n<p style=\"text-align: center;\">La d\u00e9couverte des Montanhas M\u00e1gicas\u00ae est faite comme si l&rsquo;on circulait dans le r\u00e9seau de m\u00e9tro. Les lignes de m\u00e9tro ici sont des \u00e9l\u00e9ments naturels qui constituent les paysages, comme les montagnes et les vall\u00e9es creus\u00e9es par les rivi\u00e8res. Les arr\u00eats sont les sites touristiques parsemant les immenses cha\u00eenes de montagnes qui se soul\u00e8vent entre le Vouga et le Douro. Du sud ou nord, ont trouve les lignes de Vouga (V), Arestal (T), Arada (A), Freita (F), Caima (C), Paiva (P), Montemuro (M), Bestan\u00e7a (B) et Douro (D). Ce sont 9 lignes et 114 arr\u00eats de visites incontournables, quelques-unes au bord de la route, d&rsquo;autres un peu plus loin, mais toutes m\u00e9ritent une visite prolong\u00e9e.<\/p>\n<p>[\/vc_column_text][\/vc_column_inner][\/vc_row_inner][vc_row_inner css=\u00a0\u00bb.vc_custom_1690360916011{margin-top: 35px !important;}\u00a0\u00bb][vc_column_inner][vc_column_text]<\/p>\n<h4 style=\"text-align: center;\">VISITEZ NOS ITIN\u00c9RAIRES<\/h4>\n<p style=\"text-align: center;\"><strong>9 itin\u00e9raires et 114 points \u00e0 visiter sur la Route de l&rsquo;Eau et de la Pierre<\/strong><\/p>\n<p>[\/vc_column_text]\n        <div id=\"line-routes-1\" class=\"line-routes-container separator-bottom-top\">\n            <div class=\"wrapper\">\n                <div class=\"line-wrapper\">\n\n                \n                    <div class=\"col\">\n                                                    <style>.line-routes-container .line-item-1082 .marker-wrapper::after {border-top-color: #de0918!important}<\/style>\n                                                <a href=\"https:\/\/rap.montanhasmagicas.pt\/fr\/route-de-leau-et-de-la-pierre\/route\/ligne-a-arada\/\" class=\"line-item line-item-1082 \">\n                            <div class=\"marker-wrapper\">\n                                <div class=\"icon\" style=\"border-color: #de0918\" >\n                                    <span>A<\/span>\n                                <\/div>\n                            <\/div>\n                            <span class=\"title\">Arada<\/span>\n                        <\/a>\n                    <\/div>\n\n                \n                    <div class=\"col\">\n                                                    <style>.line-routes-container .line-item-1084 .marker-wrapper::after {border-top-color: #2e3192!important}<\/style>\n                                                <a href=\"https:\/\/rap.montanhasmagicas.pt\/fr\/route-de-leau-et-de-la-pierre\/route\/ligne-b-bestanca\/\" class=\"line-item line-item-1084 \">\n                            <div class=\"marker-wrapper\">\n                                <div class=\"icon\" style=\"border-color: #2e3192\" >\n                                    <span>B<\/span>\n                                <\/div>\n                            <\/div>\n                            <span class=\"title\">Bestan\u00e7a<\/span>\n                        <\/a>\n                    <\/div>\n\n                \n                    <div class=\"col\">\n                                                    <style>.line-routes-container .line-item-1087 .marker-wrapper::after {border-top-color: #f7941e!important}<\/style>\n                                                <a href=\"https:\/\/rap.montanhasmagicas.pt\/fr\/route-de-leau-et-de-la-pierre\/route\/ligne-c-caima\/\" class=\"line-item line-item-1087 \">\n                            <div class=\"marker-wrapper\">\n                                <div class=\"icon\" style=\"border-color: #f7941e\" >\n                                    <span>C<\/span>\n                                <\/div>\n                            <\/div>\n                            <span class=\"title\">Caima<\/span>\n                        <\/a>\n                    <\/div>\n\n                \n                    <div class=\"col\">\n                                                    <style>.line-routes-container .line-item-1090 .marker-wrapper::after {border-top-color: #231f20!important}<\/style>\n                                                <a href=\"https:\/\/rap.montanhasmagicas.pt\/fr\/route-de-leau-et-de-la-pierre\/route\/ligne-d-douro\/\" class=\"line-item line-item-1090 \">\n                            <div class=\"marker-wrapper\">\n                                <div class=\"icon\" style=\"border-color: #231f20\" >\n                                    <span>D<\/span>\n                                <\/div>\n                            <\/div>\n                            <span class=\"title\">Douro<\/span>\n                        <\/a>\n                    <\/div>\n\n                \n                    <div class=\"col\">\n                                                    <style>.line-routes-container .line-item-1093 .marker-wrapper::after {border-top-color: #6d6e71!important}<\/style>\n                                                <a href=\"https:\/\/rap.montanhasmagicas.pt\/fr\/route-de-leau-et-de-la-pierre\/route\/ligne-f-freita\/\" class=\"line-item line-item-1093 \">\n                            <div class=\"marker-wrapper\">\n                                <div class=\"icon\" style=\"border-color: #6d6e71\" >\n                                    <span>F<\/span>\n                                <\/div>\n                            <\/div>\n                            <span class=\"title\">Freita<\/span>\n                        <\/a>\n                    <\/div>\n\n                \n                    <div class=\"col\">\n                                                    <style>.line-routes-container .line-item-1096 .marker-wrapper::after {border-top-color: #06a651!important}<\/style>\n                                                <a href=\"https:\/\/rap.montanhasmagicas.pt\/fr\/route-de-leau-et-de-la-pierre\/route\/ligne-m-montemuro\/\" class=\"line-item line-item-1096 \">\n                            <div class=\"marker-wrapper\">\n                                <div class=\"icon\" style=\"border-color: #06a651\" >\n                                    <span>M<\/span>\n                                <\/div>\n                            <\/div>\n                            <span class=\"title\">Montemuro<\/span>\n                        <\/a>\n                    <\/div>\n\n                \n                    <div class=\"col\">\n                                                    <style>.line-routes-container .line-item-1099 .marker-wrapper::after {border-top-color: #ec008c!important}<\/style>\n                                                <a href=\"https:\/\/rap.montanhasmagicas.pt\/fr\/route-de-leau-et-de-la-pierre\/route\/ligne-p-paiva\/\" class=\"line-item line-item-1099 \">\n                            <div class=\"marker-wrapper\">\n                                <div class=\"icon\" style=\"border-color: #ec008c\" >\n                                    <span>P<\/span>\n                                <\/div>\n                            <\/div>\n                            <span class=\"title\">Paiva<\/span>\n                        <\/a>\n                    <\/div>\n\n                \n                    <div class=\"col\">\n                                                    <style>.line-routes-container .line-item-1102 .marker-wrapper::after {border-top-color: #fff200!important}<\/style>\n                                                <a href=\"https:\/\/rap.montanhasmagicas.pt\/fr\/route-de-leau-et-de-la-pierre\/route\/ligne-t-arestal\/\" class=\"line-item line-item-1102 \">\n                            <div class=\"marker-wrapper\">\n                                <div class=\"icon\" style=\"border-color: #fff200\" >\n                                    <span>T<\/span>\n                                <\/div>\n                            <\/div>\n                            <span class=\"title\">Arestal<\/span>\n                        <\/a>\n                    <\/div>\n\n                \n                    <div class=\"col\">\n                                                    <style>.line-routes-container .line-item-1105 .marker-wrapper::after {border-top-color: #1c75bc!important}<\/style>\n                                                <a href=\"https:\/\/rap.montanhasmagicas.pt\/fr\/route-de-leau-et-de-la-pierre\/route\/ligne-v-vouga\/\" class=\"line-item line-item-1105 \">\n                            <div class=\"marker-wrapper\">\n                                <div class=\"icon\" style=\"border-color: #1c75bc\" >\n                                    <span>V<\/span>\n                                <\/div>\n                            <\/div>\n                            <span class=\"title\">Vouga<\/span>\n                        <\/a>\n                    <\/div>\n\n                \n                <\/div>\n            <\/div>\n        <\/div>\n\n        <script type=\"text\/javascript\">\n\n            var $ = jQuery;\n\n            jQuery(document).ready(function() {\n                scroll_to_element();\n\n                $(document).on(\"resize\", function() {\n                    scroll_to_element();\n                });\n\n            });\n\n            function scroll_to_element() {\n                const activeElement = $(\"#line-routes-1 .line-item.active\");\n\n                if (activeElement.length) {\n\n                    const containerLeftOffset = $(\"#line-routes-1 .line-wrapper\").offset().left;\n                    const activeElementLeftOffset = activeElement.offset().left;\n                    const scrollPosition = activeElementLeftOffset - containerLeftOffset;\n\n                    $(\"#line-routes-1 .wrapper\").animate({ scrollLeft: scrollPosition }, 500);\n\n                }\n            }\n\n        <\/script>\n\n    [\/vc_column_inner][\/vc_row_inner][\/vc_column][\/vc_row]<\/p>\n","protected":false},"excerpt":{"rendered":"<p>[vc_row full_width=\u00a0\u00bbstretch_row\u00a0\u00bb vc_row_background=\u00a0\u00bb\u00a0\u00bb el_class=\u00a0\u00bbseparator-bottom\u00a0\u00bb][vc_column][vc_row_inner el_class=\u00a0\u00bbseparator-bottom\u00a0\u00bb][vc_column_inner][vc_column_text] Le RAP c&rsquo;est une route caract\u00e9ris\u00e9e par la valorisation du patrimoine naturel et culturel reliant l&rsquo;eau et la pierre. Cascades, chutes d&rsquo;eau, rivi\u00e8res, gravures pr\u00e9historiques, tourbi\u00e8res, mines anciennes, dolmens, affleurements rocheux, fossiles, ph\u00e9nom\u00e8nes g\u00e9ologiques uniques, vall\u00e9es enchant\u00e9es et librairies quartzitiques son autant de raisons pour d\u00e9couvrir ces contr\u00e9es aux paysages [&hellip;]<\/p>\n","protected":false},"author":1,"featured_media":9200,"parent":16528,"menu_order":0,"comment_status":"closed","ping_status":"closed","template":"page-rotapedra.php","meta":[],"_links":{"self":[{"href":"https:\/\/rap.montanhasmagicas.pt\/fr\/wp-json\/wp\/v2\/pages\/16759"}],"collection":[{"href":"https:\/\/rap.montanhasmagicas.pt\/fr\/wp-json\/wp\/v2\/pages"}],"about":[{"href":"https:\/\/rap.montanhasmagicas.pt\/fr\/wp-json\/wp\/v2\/types\/page"}],"author":[{"embeddable":true,"href":"https:\/\/rap.montanhasmagicas.pt\/fr\/wp-json\/wp\/v2\/users\/1"}],"replies":[{"embeddable":true,"href":"https:\/\/rap.montanhasmagicas.pt\/fr\/wp-json\/wp\/v2\/comments?post=16759"}],"version-history":[{"count":0,"href":"https:\/\/rap.montanhasmagicas.pt\/fr\/wp-json\/wp\/v2\/pages\/16759\/revisions"}],"up":[{"embeddable":true,"href":"https:\/\/rap.montanhasmagicas.pt\/fr\/wp-json\/wp\/v2\/pages\/16528"}],"wp:featuredmedia":[{"embeddable":true,"href":"https:\/\/rap.montanhasmagicas.pt\/fr\/wp-json\/wp\/v2\/media\/9200"}],"wp:attachment":[{"href":"https:\/\/rap.montanhasmagicas.pt\/fr\/wp-json\/wp\/v2\/media?parent=16759"}],"curies":[{"name":"wp","href":"https:\/\/api.w.org\/{rel}","templated":true}]}}