{"id":16845,"date":"2023-07-29T15:24:20","date_gmt":"2023-07-29T14:24:20","guid":{"rendered":"https:\/\/rap.montanhasmagicas.pt\/?page_id=16845"},"modified":"2023-07-29T15:24:21","modified_gmt":"2023-07-29T14:24:21","slug":"ou-sejourner","status":"publish","type":"page","link":"https:\/\/rap.montanhasmagicas.pt\/fr\/route-de-leau-et-de-la-pierre\/decouvrir\/ou-sejourner\/","title":{"rendered":"O\u00f9 s\u00e9journer"},"content":{"rendered":"<p>[vc_row full_width=\u00a0\u00bbstretch_row\u00a0\u00bb vc_row_background=\u00a0\u00bb\u00a0\u00bb][vc_column][vc_row_inner][vc_column_inner][vc_column_text]<\/p>\n<h5 class=\"intro\" style=\"text-align: center;\">Les Montanhas M\u00e1gicas disposent d&rsquo;une offre large et diversifi\u00e9e d&rsquo;unit\u00e9s d&rsquo;h\u00e9bergement, avec des niveaux de confort et des prix qui s&rsquo;adaptent aux diff\u00e9rents besoins et attentes.<\/h5>\n<div class=\"description\">\n<div class=\"rich-text\">\n<p style=\"text-align: center;\">La combinaison parfaite de diff\u00e9rents styles architecturaux et d\u00e9coratifs donne lieu \u00e0 une offre diversifi\u00e9e de stations touristiques allant des h\u00f4tels les plus modernes et raffin\u00e9s, aux unit\u00e9s d&rsquo;h\u00e9bergement touristique les plus historiques et c\u00e9r\u00e9monielles, aux unit\u00e9s de tourisme rural typiques ou aux parcs de camping et de caravaning d\u00e9tendus et accessibles, avec toujours deux facteurs importants en commun, l&rsquo;excellence de l&rsquo;hospitalit\u00e9 et la qualit\u00e9 des services.<\/p>\n<p style=\"text-align: center;\">Des centres urbains aux points les plus \u00e9lev\u00e9s de la montagne, des bords de rivi\u00e8re aux pentes des montagnes et des vall\u00e9es, isol\u00e9es ou ins\u00e9r\u00e9es dans des villages et des noyaux ruraux, les unit\u00e9s d&rsquo;h\u00e9bergement des Montanhas M\u00e1gicas vous donnent la possibilit\u00e9 de d\u00e9couvrir le territoire dans tous les sens du terme.<\/p>\n<p style=\"text-align: center;\">S\u00e9lectionnez, parmi l&rsquo;offre disponible, les unit\u00e9s d&rsquo;h\u00e9bergement qui correspondent le mieux \u00e0 vos besoins et \u00e0 vos pr\u00e9f\u00e9rences.<\/p>\n<\/div>\n<\/div>\n<p>[\/vc_column_text][\/vc_column_inner][\/vc_row_inner][vc_row_inner][vc_column_inner]        <div class=\"container\">\n            <div class=\"vc_row row mm-archive-row separator-top-bottom\">\n                <div class=\"vc_col-lg-12 vc_col-md-12 vc_col-sm-12 vc_col-xs-12 mm-body-archive-column\">\n                    <div class=\"vc_row row\">\n                        <div class=\"vc_col-lg-12 vc_col-md-12 vc_col-sm-12 vc_col-xs-12 break-space-60\">\t\t\t\t\t\n    <div class=\"filter-wrapper\">\n        <div class=\"filters-form-wrapper\">\n            <div class=\"form-box\">\n                <form action=\"#\" role=\"\" method=\"post\" id=\"form-search-accommodation\">\n                    <div class=\"vc_row row form-row break-space-30\">\t\n                        <div class=\"vc_col-lg-12 vc_col-md-12 vc_col-sm-12 vc_col-xs-12 form-column\">\t\n\t\t\t\t\t\t\t<div class=\"legend-wrapper\">\t\n                                <label>Recherche<\/label>\n\t\t\t\t\t\t\t\t<button onclick=\"jQuery('#form-search-accommodation')[0].reset();\" class=\"clerar-filters\"><i class=\"fa fa-close\"><\/i>Effacer les filtres<\/button>\n\t\t\t\t\t\t\t<\/div>\t\t\n                            <div class=\"input-wrapper search-wrapper\">\n                                <input class=\"search-input\" name=\"s\" id=\"s\" placeholder=\"Recherche...\" type=\"text\" autocomplete=\"off\">\n                                <div class=\"form-icon search\">\n                                    <button id=\"search\"><i class=\"fa fa-search\"><\/i><\/button>\n                                <\/div>\t\n                            <\/div>\t\n                        <\/div>\n                    <\/div>\n                    <div class=\"vc_row row form-row columns-3\">\t\n                        <div class=\"vc_col-lg-4 vc_col-md-4 vc_col-sm-12 vc_col-xs-12 form-column\">\n                            <label>D\u00e9partement<\/label>\n                            <div class=\"input-wrapper\">\n                                <select name=\"county\" class=\"form-select\">\n                                    <option selected disabled value=\"\">D\u00e9partement<\/option>\n                                                                    <\/select>\n                                <div class=\"form-icon\">\n                                    <i class=\"fa fa-map-marker\"><\/i>\n                                <\/div>\t\n                            <\/div>\t\n                        <\/div>\t\n                        <div class=\"vc_col-lg-4 vc_col-md-4 vc_col-sm-12 vc_col-xs-12 form-column\">\n                            <label>Typology<\/label>\n                            <div class=\"input-wrapper\">\n                                <select name=\"typology_accommodation\" class=\"form-select\">\n                                    <option selected disabled value=\"\">Typology<\/option>\n                                                                    <\/select>\n                                <div class=\"form-icon\">\n                                    <i class=\"fa fa-tag\"><\/i>\n                                <\/div>\t\n                            <\/div>\t\n                        <\/div>\t\n                        <div class=\"vc_col-lg-4 vc_col-md-4 vc_col-sm-12 vc_col-xs-12 form-column\">\n                            <label>Geographic Location<\/label>\n                            <div class=\"input-wrapper\">\n                                <select name=\"geographic_location\" class=\"form-select\">\n                                    <option selected disabled value>Geographic Location<\/option>\n                                                                    <\/select>\n                                <div class=\"form-icon\">\n                                    <i class=\"fa fa-info\"><\/i>\n                                <\/div>\t\n                            <\/div>\t\n                        <\/div>\t\n                    <\/div>\t\t\n                <\/form>\n            <\/div>\t\t\n        <\/div>\t\n        <div class=\"filters-btn-wrapper\">\n            <button class=\"btn-filters\"><i class=\"fa fa-filter\"><\/i><p class=\"show-filters-txt\">Afficher les filtres<\/p><p class=\"hide-filters-txt\">Masquer les filtres<\/p><\/button>\n            <div class=\"line\"><\/div>\n            <div class=\"hidden-bg\"><\/div>\n        <\/div>\n    <\/div>\n<\/div>\n\n<script>\n\n    var current_page  = 1;\n\n\tfunction filter_accommodation(filters){\n\t\tvar $ = jQuery;\n\t\tvar ajax_url = 'https:\/\/rap.montanhasmagicas.pt\/wp-admin\/admin-ajax.php';\n\n        \n\t\t$.ajax({\n\t\t\turl: ajax_url,\n\t\t\ttype: 'post',\n\t\t\tdata:{\n\t\t\t\taction: 'filters_rota_pedra_agua_grid',\n\t\t\t\tfilters: filters,\n                paged: current_page,\n                post_type: 'accommodation'\n\n\t\t\t},\n\t\t\tbeforeSend: function(){\n\t\t\t\t$(\".mm-archive-loading\").css(\"display\", \"flex\");\n\t\t\t},\n\t\t\tsuccess: function(response){\n                $(\".mm-archive-loading\").hide();\n                if(response != \"\"){\n                    $(\"#grid\").append(response);\n                }\n\t\t\t},\n\t\t\terror: function(error){\n                $(\".mm-archive-loading\").hide();\n\t\t\t\tconsole.log(error);\n\t\t\t}\n\t\t});\n\t}\n\n    function get_serialize_form(){\n        var $ = jQuery;\n        var formArray = $(\"#form-search-accommodation\").serializeArray();\n        var formArrayOrganized = { };\n        $.each(formArray, function() {\n            formArrayOrganized[this.name] = this.value;\n        });\n        return formArrayOrganized;\n    }\n\n    function reset_search(){\n        var $ = jQuery;\n        current_page = 1;\n        $('#grid').empty();\n    }\n\n\tjQuery(document).ready(function(){\n\t\tvar $ = jQuery;\n        \n\t\tfilter_accommodation(get_serialize_form());\n\n\n        $(\"#form-search-accommodation\").submit(function(e){\n            reset_search();\n            e.preventDefault();\n\n            filter_accommodation(get_serialize_form());\n\n            return false;\n        });\n\n        $(\"#form-search-accommodation select\").on(\"change\",function(){\n            reset_search();\n\n            filter_accommodation(get_serialize_form());\n        });\n\n        $(document).on(\"click\",\"#load-more\",function(){\n            $(this).parent(\"div\").remove();\n            current_page++;\n            filter_accommodation(get_serialize_form());\n        });\n\t});\n<\/script>\n                        <div class=\"vc_col-lg-12 vc_col-md-12 vc_col-sm-12 vc_col-xs-12 break-space-45\">\n                            <div class=\"row vc_row vc_row-o-equal-height vc_row-flex grid-2\" id=\"grid\"><\/div>\n                        <\/div>\n                        <div class=\"vc_col-xs-12 mm-archive-loading\"><div class=\"lds-ring\"><div><\/div><div><\/div><div><\/div><div><\/div><\/div><\/div>\n                    <\/div>\n                <\/div>\n            <\/div>\n        <\/div>\n\n    [\/vc_column_inner][\/vc_row_inner][\/vc_column][\/vc_row]<\/p>\n","protected":false},"excerpt":{"rendered":"<p>[vc_row full_width=\u00a0\u00bbstretch_row\u00a0\u00bb vc_row_background=\u00a0\u00bb\u00a0\u00bb][vc_column][vc_row_inner][vc_column_inner][vc_column_text] Les Montanhas M\u00e1gicas disposent d&rsquo;une offre large et diversifi\u00e9e d&rsquo;unit\u00e9s d&rsquo;h\u00e9bergement, avec des niveaux de confort et des prix qui s&rsquo;adaptent aux diff\u00e9rents besoins et attentes. La combinaison parfaite de diff\u00e9rents styles architecturaux et d\u00e9coratifs donne lieu \u00e0 une offre diversifi\u00e9e de stations touristiques allant des h\u00f4tels les plus modernes et raffin\u00e9s, [&hellip;]<\/p>\n","protected":false},"author":1,"featured_media":2346,"parent":16877,"menu_order":8,"comment_status":"closed","ping_status":"closed","template":"page-rotapedra.php","meta":[],"_links":{"self":[{"href":"https:\/\/rap.montanhasmagicas.pt\/fr\/wp-json\/wp\/v2\/pages\/16845"}],"collection":[{"href":"https:\/\/rap.montanhasmagicas.pt\/fr\/wp-json\/wp\/v2\/pages"}],"about":[{"href":"https:\/\/rap.montanhasmagicas.pt\/fr\/wp-json\/wp\/v2\/types\/page"}],"author":[{"embeddable":true,"href":"https:\/\/rap.montanhasmagicas.pt\/fr\/wp-json\/wp\/v2\/users\/1"}],"replies":[{"embeddable":true,"href":"https:\/\/rap.montanhasmagicas.pt\/fr\/wp-json\/wp\/v2\/comments?post=16845"}],"version-history":[{"count":0,"href":"https:\/\/rap.montanhasmagicas.pt\/fr\/wp-json\/wp\/v2\/pages\/16845\/revisions"}],"up":[{"embeddable":true,"href":"https:\/\/rap.montanhasmagicas.pt\/fr\/wp-json\/wp\/v2\/pages\/16877"}],"wp:featuredmedia":[{"embeddable":true,"href":"https:\/\/rap.montanhasmagicas.pt\/fr\/wp-json\/wp\/v2\/media\/2346"}],"wp:attachment":[{"href":"https:\/\/rap.montanhasmagicas.pt\/fr\/wp-json\/wp\/v2\/media?parent=16845"}],"curies":[{"name":"wp","href":"https:\/\/api.w.org\/{rel}","templated":true}]}}